{"id":4627,"date":"2025-11-19T17:27:24","date_gmt":"2025-11-19T16:27:24","guid":{"rendered":"https:\/\/artlawfoundation.com\/?post_type=product&#038;p=4627"},"modified":"2025-12-16T00:00:10","modified_gmt":"2025-12-15T23:00:10","slug":"inscription-a-la-conference-fcac-fda-copy","status":"publish","type":"product","link":"https:\/\/artlawfoundation.com\/fr\/shop\/inscription-a-la-conference-fcac-fda-copy\/","title":{"rendered":"Inscription \u00e0 la conf\u00e9rence FCAC &#8211; FDA (Copy)"},"content":{"rendered":"<h1>Droit et art dans l\u2019espace public: colloque et vernissage de livre<\/h1>\n<p><strong>Colloque co-organis\u00e9 par le Fonds cantonal d\u2019art contemporain de Gen\u00e8ve (FCAC) et la Fondation pour le droit de l&rsquo;art (FDA) <\/strong><\/p>\n<p><strong>14 mai 2024<\/strong><br \/>\nMEG, Mus\u00e9e d\u2019ethnographie de Gen\u00e8ve, Auditoire (65 bvd Carl-Vogt, 1205 Gen\u00e8ve)<\/p>\n<p><strong>D\u00e9lai d&rsquo;inscription: 9 mai 2024<br \/>\nIl n&rsquo;est pas possible de s&rsquo;inscrire sur place.<\/strong>[:]\n","protected":false},"excerpt":{"rendered":"Droit et art dans l\u2019espace public: colloque et vernissage de livre Colloque co-organis\u00e9 par le Fonds cantonal d\u2019art contemporain de Gen\u00e8ve (FCAC) et la Fondation pour le droit de l&rsquo;art (FDA) 14 mai 2024 MEG, Mus\u00e9e d\u2019ethnographie de Gen\u00e8ve, Auditoire (65 bvd Carl-Vogt, 1205 Gen\u00e8ve) D\u00e9lai d&rsquo;inscription: 9 mai 2024 Il n&rsquo;est pas possible de&#8230; <a class=\"view-article\" href=\"https:\/\/artlawfoundation.com\/fr\/shop\/inscription-a-la-conference-fcac-fda-copy\/\">Voir l&rsquo;article<\/a>","protected":false},"featured_media":3611,"comment_status":"closed","ping_status":"closed","template":"","meta":{"_acf_changed":false},"product_brand":[],"product_cat":[100],"product_tag":[],"class_list":{"0":"post-4627","1":"product","2":"type-product","3":"status-publish","4":"has-post-thumbnail","6":"product_cat-sans-categorie","8":"first","9":"instock","10":"purchasable","11":"product-type-variable"},"acf":[],"_links":{"self":[{"href":"https:\/\/artlawfoundation.com\/fr\/wp-json\/wp\/v2\/product\/4627","targetHints":{"allow":["GET"]}}],"collection":[{"href":"https:\/\/artlawfoundation.com\/fr\/wp-json\/wp\/v2\/product"}],"about":[{"href":"https:\/\/artlawfoundation.com\/fr\/wp-json\/wp\/v2\/types\/product"}],"replies":[{"embeddable":true,"href":"https:\/\/artlawfoundation.com\/fr\/wp-json\/wp\/v2\/comments?post=4627"}],"wp:featuredmedia":[{"embeddable":true,"href":"https:\/\/artlawfoundation.com\/fr\/wp-json\/wp\/v2\/media\/3611"}],"wp:attachment":[{"href":"https:\/\/artlawfoundation.com\/fr\/wp-json\/wp\/v2\/media?parent=4627"}],"wp:term":[{"taxonomy":"product_brand","embeddable":true,"href":"https:\/\/artlawfoundation.com\/fr\/wp-json\/wp\/v2\/product_brand?post=4627"},{"taxonomy":"product_cat","embeddable":true,"href":"https:\/\/artlawfoundation.com\/fr\/wp-json\/wp\/v2\/product_cat?post=4627"},{"taxonomy":"product_tag","embeddable":true,"href":"https:\/\/artlawfoundation.com\/fr\/wp-json\/wp\/v2\/product_tag?post=4627"}],"curies":[{"name":"wp","href":"https:\/\/api.w.org\/{rel}","templated":true}]}}