{"id":4428,"date":"2025-07-01T18:28:16","date_gmt":"2025-07-01T16:28:16","guid":{"rendered":"https:\/\/artlawfoundation.com\/?post_type=product&#038;p=4428"},"modified":"2025-07-21T01:00:11","modified_gmt":"2025-07-20T23:00:11","slug":"conference-20-ans-de-la-loi-sur-le-transfert-des-biens-culturels-ltbc-bilan-perspectives-et-enjeux-fr","status":"publish","type":"product","link":"https:\/\/artlawfoundation.com\/fr\/shop\/conference-20-ans-de-la-loi-sur-le-transfert-des-biens-culturels-ltbc-bilan-perspectives-et-enjeux-fr\/","title":{"rendered":"Conf\u00e9rence <br>20 ans de la Loi sur le transfert des biens culturels (LTBC)<br>Bilan, perspectives et enjeux"},"content":{"rendered":"<p>Conf\u00e9rence de la Fondation pour le droit de l\u2019art et de l&rsquo;Office f\u00e9d\u00e9ral de la culture<br \/>\nF\u00e9d\u00e9ration des entreprises romandes (FER), Gen\u00e8ve<\/p>\n<p><strong>3 Septembre 2025<br \/>\n09 h 00 &#8211; 17 h 00<\/strong><\/p>\n<p>Date limite d\u2019inscription<br \/>\n<strong>25 ao\u00fbt 2025<br \/>\nTarif pr\u00e9f\u00e9rentiel pour inscription anticip\u00e9e jusqu&rsquo;au <\/strong><strong> 20 July 2025<\/strong><\/p>\n<p><strong>Il ne sera pas possible de s\u2019inscrire sur place.<\/strong><\/p>\n<p><strong>En devenant membre de la Fondation pour le droit de l\u2019art, vous b\u00e9n\u00e9ficierez d&rsquo;une r\u00e9duction lors de votre inscription \u00e0 la journ\u00e9e d\u2019\u00e9tude.<\/strong><\/p>\n","protected":false},"excerpt":{"rendered":"Conf\u00e9rence de la Fondation pour le droit de l\u2019art et de l&rsquo;Office f\u00e9d\u00e9ral de la culture F\u00e9d\u00e9ration des entreprises romandes (FER), Gen\u00e8ve 3 Septembre 2025 09 h 00 &#8211; 17 h 00 Date limite d\u2019inscription 25 ao\u00fbt 2025 Tarif pr\u00e9f\u00e9rentiel pour inscription anticip\u00e9e jusqu&rsquo;au 20 July 2025 Il ne sera pas possible de s\u2019inscrire sur&#8230; <a class=\"view-article\" href=\"https:\/\/artlawfoundation.com\/fr\/shop\/conference-20-ans-de-la-loi-sur-le-transfert-des-biens-culturels-ltbc-bilan-perspectives-et-enjeux-fr\/\">Voir l&rsquo;article<\/a>","protected":false},"featured_media":3611,"comment_status":"closed","ping_status":"closed","template":"","meta":{"_acf_changed":false},"product_brand":[],"product_cat":[100],"product_tag":[],"class_list":{"0":"post-4428","1":"product","2":"type-product","3":"status-publish","4":"has-post-thumbnail","6":"product_cat-sans-categorie","8":"first","9":"instock","10":"purchasable","11":"product-type-variable"},"acf":[],"_links":{"self":[{"href":"https:\/\/artlawfoundation.com\/fr\/wp-json\/wp\/v2\/product\/4428","targetHints":{"allow":["GET"]}}],"collection":[{"href":"https:\/\/artlawfoundation.com\/fr\/wp-json\/wp\/v2\/product"}],"about":[{"href":"https:\/\/artlawfoundation.com\/fr\/wp-json\/wp\/v2\/types\/product"}],"replies":[{"embeddable":true,"href":"https:\/\/artlawfoundation.com\/fr\/wp-json\/wp\/v2\/comments?post=4428"}],"wp:featuredmedia":[{"embeddable":true,"href":"https:\/\/artlawfoundation.com\/fr\/wp-json\/wp\/v2\/media\/3611"}],"wp:attachment":[{"href":"https:\/\/artlawfoundation.com\/fr\/wp-json\/wp\/v2\/media?parent=4428"}],"wp:term":[{"taxonomy":"product_brand","embeddable":true,"href":"https:\/\/artlawfoundation.com\/fr\/wp-json\/wp\/v2\/product_brand?post=4428"},{"taxonomy":"product_cat","embeddable":true,"href":"https:\/\/artlawfoundation.com\/fr\/wp-json\/wp\/v2\/product_cat?post=4428"},{"taxonomy":"product_tag","embeddable":true,"href":"https:\/\/artlawfoundation.com\/fr\/wp-json\/wp\/v2\/product_tag?post=4428"}],"curies":[{"name":"wp","href":"https:\/\/api.w.org\/{rel}","templated":true}]}}