{"id":4075,"date":"2018-08-13T14:40:36","date_gmt":"2018-08-13T12:40:36","guid":{"rendered":"https:\/\/artlawfoundation.com\/shop\/inscription-a-la-conference\/"},"modified":"2025-07-21T01:00:11","modified_gmt":"2025-07-20T23:00:11","slug":"inscription-a-la-conference","status":"publish","type":"product","link":"https:\/\/artlawfoundation.com\/fr\/shop\/inscription-a-la-conference\/","title":{"rendered":"Inscription \u00e0 la conf\u00e9rence"},"content":{"rendered":"<h1>20 ans de la Loi sur le transfert des biens culturels (LTBC): bilan, perspectives et enjeux<\/h1>\n<p>Conf\u00e9rence de la FDA et de l&rsquo;Office f\u00e9d\u00e9ral de la culture<\/p>\n<p><strong>3 septembre 2025<\/strong><br \/>\nF\u00e9d\u00e9ration des entreprises romandes (FER), Gen\u00e8ve<\/p>\n<p><strong>D\u00e9lai d&rsquo;inscription: 25 ao\u00fbt 2025<br \/>\nIl n&rsquo;est pas possible de s&rsquo;inscrire sur place.<\/strong><\/p>\n","protected":false},"excerpt":{"rendered":"20 ans de la Loi sur le transfert des biens culturels (LTBC): bilan, perspectives et enjeux Conf\u00e9rence de la FDA et de l&rsquo;Office f\u00e9d\u00e9ral de la culture 3 septembre 2025 F\u00e9d\u00e9ration des entreprises romandes (FER), Gen\u00e8ve D\u00e9lai d&rsquo;inscription: 25 ao\u00fbt 2025 Il n&rsquo;est pas possible de s&rsquo;inscrire sur place.","protected":false},"featured_media":3611,"comment_status":"closed","ping_status":"closed","template":"","meta":{"_acf_changed":false},"product_brand":[],"product_cat":[100],"product_tag":[],"class_list":{"0":"post-4075","1":"product","2":"type-product","3":"status-publish","4":"has-post-thumbnail","6":"product_cat-sans-categorie","8":"first","9":"instock","10":"taxable","11":"shipping-taxable","12":"purchasable","13":"product-type-variable"},"acf":[],"_links":{"self":[{"href":"https:\/\/artlawfoundation.com\/fr\/wp-json\/wp\/v2\/product\/4075","targetHints":{"allow":["GET"]}}],"collection":[{"href":"https:\/\/artlawfoundation.com\/fr\/wp-json\/wp\/v2\/product"}],"about":[{"href":"https:\/\/artlawfoundation.com\/fr\/wp-json\/wp\/v2\/types\/product"}],"replies":[{"embeddable":true,"href":"https:\/\/artlawfoundation.com\/fr\/wp-json\/wp\/v2\/comments?post=4075"}],"wp:featuredmedia":[{"embeddable":true,"href":"https:\/\/artlawfoundation.com\/fr\/wp-json\/wp\/v2\/media\/3611"}],"wp:attachment":[{"href":"https:\/\/artlawfoundation.com\/fr\/wp-json\/wp\/v2\/media?parent=4075"}],"wp:term":[{"taxonomy":"product_brand","embeddable":true,"href":"https:\/\/artlawfoundation.com\/fr\/wp-json\/wp\/v2\/product_brand?post=4075"},{"taxonomy":"product_cat","embeddable":true,"href":"https:\/\/artlawfoundation.com\/fr\/wp-json\/wp\/v2\/product_cat?post=4075"},{"taxonomy":"product_tag","embeddable":true,"href":"https:\/\/artlawfoundation.com\/fr\/wp-json\/wp\/v2\/product_tag?post=4075"}],"curies":[{"name":"wp","href":"https:\/\/api.w.org\/{rel}","templated":true}]}}