{"id":4031,"date":"2016-10-28T19:23:34","date_gmt":"2016-10-28T17:23:34","guid":{"rendered":"https:\/\/artlawfoundation.com\/shop\/affiliation\/"},"modified":"2024-12-03T17:39:36","modified_gmt":"2024-12-03T16:39:36","slug":"affiliation","status":"publish","type":"product","link":"https:\/\/artlawfoundation.com\/fr\/shop\/affiliation\/","title":{"rendered":"Affiliation"},"content":{"rendered":"<p>Toute personne et institution int\u00e9ress\u00e9e par nos activit\u00e9s peut devenir membre de la Fondation pour le droit de l\u2019art. Le statut de membre permet de b\u00e9n\u00e9ficier des avantages suivants:<\/p>\n<ul class=\"type\">\n<li>Un abonnement gratuit au \u00ab\u00a0Art Law Magazine\u00a0\u00bb<\/li>\n<li>Un tarif pr\u00e9f\u00e9rentiel pour la participation aux journ\u00e9es d\u2019\u00e9tude et s\u00e9minaires organis\u00e9s par la FDA;<\/li>\n<li>Le libre acc\u00e8s \u00e0 des visites exclusives de galeries, collections d\u2019art, institutions et autres soci\u00e9t\u00e9s membres de la FDA;<\/li>\n<li>Le libre acc\u00e8s au centre de documentation.<\/li>\n<\/ul>\n<p>La cotisation annuelle est de <strong>CHF 600.- <\/strong>pour les membres\u00a0de soutien, <strong>CHF 250.-<\/strong> pour les membres ordinaires et <strong>CHF 70.- <\/strong>pour les membres \u00e9tudiants\/stagiaires.<br \/>\nPour devenir membre de la Fondation, veuillez remplir le formulaire d\u2019inscription.<\/p>\n","protected":false},"excerpt":{"rendered":"Toute personne et institution int\u00e9ress\u00e9e par nos activit\u00e9s peut devenir membre de la Fondation pour le droit de l\u2019art. Le statut de membre permet de b\u00e9n\u00e9ficier des avantages suivants: Un abonnement gratuit au \u00ab\u00a0Art Law Magazine\u00a0\u00bb Un tarif pr\u00e9f\u00e9rentiel pour la participation aux journ\u00e9es d\u2019\u00e9tude et s\u00e9minaires organis\u00e9s par la FDA; Le libre acc\u00e8s \u00e0&#8230; <a class=\"view-article\" href=\"https:\/\/artlawfoundation.com\/fr\/shop\/affiliation\/\">Voir l&rsquo;article<\/a>","protected":false},"featured_media":3610,"comment_status":"closed","ping_status":"closed","template":"","meta":{"_acf_changed":false},"product_brand":[],"product_cat":[100],"product_tag":[],"class_list":{"0":"post-4031","1":"product","2":"type-product","3":"status-publish","4":"has-post-thumbnail","6":"product_cat-sans-categorie","8":"first","9":"instock","10":"purchasable","11":"product-type-variable"},"acf":[],"_links":{"self":[{"href":"https:\/\/artlawfoundation.com\/fr\/wp-json\/wp\/v2\/product\/4031","targetHints":{"allow":["GET"]}}],"collection":[{"href":"https:\/\/artlawfoundation.com\/fr\/wp-json\/wp\/v2\/product"}],"about":[{"href":"https:\/\/artlawfoundation.com\/fr\/wp-json\/wp\/v2\/types\/product"}],"replies":[{"embeddable":true,"href":"https:\/\/artlawfoundation.com\/fr\/wp-json\/wp\/v2\/comments?post=4031"}],"wp:featuredmedia":[{"embeddable":true,"href":"https:\/\/artlawfoundation.com\/fr\/wp-json\/wp\/v2\/media\/3610"}],"wp:attachment":[{"href":"https:\/\/artlawfoundation.com\/fr\/wp-json\/wp\/v2\/media?parent=4031"}],"wp:term":[{"taxonomy":"product_brand","embeddable":true,"href":"https:\/\/artlawfoundation.com\/fr\/wp-json\/wp\/v2\/product_brand?post=4031"},{"taxonomy":"product_cat","embeddable":true,"href":"https:\/\/artlawfoundation.com\/fr\/wp-json\/wp\/v2\/product_cat?post=4031"},{"taxonomy":"product_tag","embeddable":true,"href":"https:\/\/artlawfoundation.com\/fr\/wp-json\/wp\/v2\/product_tag?post=4031"}],"curies":[{"name":"wp","href":"https:\/\/api.w.org\/{rel}","templated":true}]}}