{"id":4194,"date":"2023-11-27T22:06:16","date_gmt":"2023-11-27T21:06:16","guid":{"rendered":"https:\/\/artlawfoundation.com\/inscription-ram\/"},"modified":"2023-11-27T22:06:16","modified_gmt":"2023-11-27T21:06:16","slug":"inscription-ram","status":"publish","type":"page","link":"https:\/\/artlawfoundation.com\/fr\/inscription-ram\/","title":{"rendered":"Inscription RAM"},"content":{"rendered":"<div class=\"col-sm-8 box-tit-2 registration-box\">\n        \t\t<div class=\"bordo\"><\/div>\n          \t\t<h1><strong>Registration<\/strong><\/h1>\n\t\t\t\t\n<p>Conference<br \/>\n<strong><br \/>\n<\/strong><strong>From Antiquities to Artificial Intelligence \u2013 How to Navigate Today\u2019s Art Market\u00a0<\/strong><\/p>\n<p>Annual Conference \u2013 Responsible Art Market (RAM)<br \/>\n<strong>25 January 2024, 9am \u2013 12.30pm<\/strong><br \/>\nartgen\u00e8ve, salon d\u2019art | Palexpo, Geneva<\/p>\n<p><strong>Registration deadline: 23 January 2024<\/strong><br \/>\n<strong>You may not register at the venue.<\/strong><\/p>\n<p>artgeneve exhibitors benefit from the ALF members&rsquo; rate.<\/p>\n\n<div class=\"wpcf7 no-js\" id=\"wpcf7-f880-o1\" lang=\"en-US\" dir=\"ltr\" data-wpcf7-id=\"880\">\n<div class=\"screen-reader-response\"><p role=\"status\" aria-live=\"polite\" aria-atomic=\"true\"><\/p> <ul><\/ul><\/div>\n<form action=\"\/fr\/wp-json\/wp\/v2\/pages\/4194#wpcf7-f880-o1\" method=\"post\" class=\"wpcf7-form init\" aria-label=\"Contact form\" novalidate=\"novalidate\" data-status=\"init\">\n<div style=\"display: none;\">\n<input type=\"hidden\" name=\"_wpcf7\" value=\"880\" \/>\n<input type=\"hidden\" name=\"_wpcf7_version\" value=\"6.0.6\" \/>\n<input type=\"hidden\" name=\"_wpcf7_locale\" value=\"en_US\" \/>\n<input type=\"hidden\" name=\"_wpcf7_unit_tag\" value=\"wpcf7-f880-o1\" \/>\n<input type=\"hidden\" name=\"_wpcf7_container_post\" value=\"0\" \/>\n<input type=\"hidden\" name=\"_wpcf7_posted_data_hash\" value=\"\" \/>\n<\/div>\n<div style=\"padding: 0 25px 20px 25px;\">\n\t<div class=\"text col-md-4 col-sm-5 no-p-l\">\n\t\t<p>Nom*\n\t\t<\/p>\n\t<\/div>\n\t<div class=\"div_text col-md-8 col-sm-7 no-p-l\">\n\t\t<p><span class=\"wpcf7-form-control-wrap\" data-name=\"nom-inscription\"><input size=\"40\" maxlength=\"400\" class=\"wpcf7-form-control wpcf7-text wpcf7-validates-as-required\" aria-required=\"true\" aria-invalid=\"false\" value=\"\" type=\"text\" name=\"nom-inscription\" \/><\/span>\n\t\t<\/p>\n\t<\/div>\n\t<div class=\"text col-md-4 col-sm-5 no-p-l\">\n\t\t<p>Pr\u00e9nom*\n\t\t<\/p>\n\t<\/div>\n\t<div class=\"div_text col-md-8 col-sm-7 no-p-l\">\n\t\t<p><span class=\"wpcf7-form-control-wrap\" data-name=\"prenom-inscription\"><input size=\"40\" maxlength=\"400\" class=\"wpcf7-form-control wpcf7-text wpcf7-validates-as-required\" aria-required=\"true\" aria-invalid=\"false\" value=\"\" type=\"text\" name=\"prenom-inscription\" \/><\/span>\n\t\t<\/p>\n\t<\/div>\n\t<div class=\"text col-md-4 col-sm-5 no-p-l\">\n\t\t<p>Soci\u00e9t\u00e9*\n\t\t<\/p>\n\t<\/div>\n\t<div class=\"div_text col-md-8 col-sm-7 no-p-l\">\n\t\t<p><span class=\"wpcf7-form-control-wrap\" data-name=\"societe-inscription\"><input size=\"40\" maxlength=\"400\" class=\"wpcf7-form-control wpcf7-text wpcf7-validates-as-required\" aria-required=\"true\" aria-invalid=\"false\" value=\"\" type=\"text\" name=\"societe-inscription\" \/><\/span>\n\t\t<\/p>\n\t<\/div>\n\t<div class=\"text col-md-4 col-sm-5 no-p-l\">\n\t\t<p>Profession*\n\t\t<\/p>\n\t<\/div>\n\t<div class=\"div_text col-md-8 col-sm-7 no-p-l\">\n\t\t<p><span class=\"wpcf7-form-control-wrap\" data-name=\"profession-inscription\"><input size=\"40\" maxlength=\"400\" class=\"wpcf7-form-control wpcf7-text wpcf7-validates-as-required\" aria-required=\"true\" aria-invalid=\"false\" value=\"\" type=\"text\" name=\"profession-inscription\" \/><\/span>\n\t\t<\/p>\n\t<\/div>\n\t<div class=\"text col-md-4 col-sm-5 no-p-l\">\n\t\t<p>Adresse*\n\t\t<\/p>\n\t<\/div>\n\t<div class=\"div_text col-md-8 col-sm-7 no-p-l\">\n\t\t<p><span class=\"wpcf7-form-control-wrap\" data-name=\"adresse-inscription\"><input size=\"40\" maxlength=\"400\" class=\"wpcf7-form-control wpcf7-text wpcf7-validates-as-required\" aria-required=\"true\" aria-invalid=\"false\" value=\"\" type=\"text\" name=\"adresse-inscription\" \/><\/span>\n\t\t<\/p>\n\t<\/div>\n\t<div class=\"text col-md-4 col-sm-5 no-p-l\">\n\t\t<p>CP*\n\t\t<\/p>\n\t<\/div>\n\t<div class=\"div_text col-md-8 col-sm-7 no-p-l\">\n\t\t<p><span class=\"wpcf7-form-control-wrap\" data-name=\"cp-inscription\"><input size=\"40\" maxlength=\"400\" class=\"wpcf7-form-control wpcf7-text wpcf7-validates-as-required\" aria-required=\"true\" aria-invalid=\"false\" value=\"\" type=\"text\" name=\"cp-inscription\" \/><\/span>\n\t\t<\/p>\n\t<\/div>\n\t<div class=\"text col-md-4 col-sm-5 no-p-l\">\n\t\t<p>Ville*\n\t\t<\/p>\n\t<\/div>\n\t<div class=\"div_text col-md-8 col-sm-7 no-p-l\">\n\t\t<p><span class=\"wpcf7-form-control-wrap\" data-name=\"ville-inscription\"><input size=\"40\" maxlength=\"400\" class=\"wpcf7-form-control wpcf7-text wpcf7-validates-as-required\" aria-required=\"true\" aria-invalid=\"false\" value=\"\" type=\"text\" name=\"ville-inscription\" \/><\/span>\n\t\t<\/p>\n\t<\/div>\n\t<div class=\"text col-md-4 col-sm-5 no-p-l\">\n\t\t<p>T\u00e9l*\n\t\t<\/p>\n\t<\/div>\n\t<div class=\"div_text col-md-8 col-sm-7 no-p-l\">\n\t\t<p><span class=\"wpcf7-form-control-wrap\" data-name=\"tel-inscription\"><input size=\"40\" maxlength=\"400\" class=\"wpcf7-form-control wpcf7-text wpcf7-validates-as-required\" aria-required=\"true\" aria-invalid=\"false\" value=\"\" type=\"text\" name=\"tel-inscription\" \/><\/span>\n\t\t<\/p>\n\t<\/div>\n\t<div class=\"text col-md-4 col-sm-5 no-p-l\">\n\t\t<p>Fax\n\t\t<\/p>\n\t<\/div>\n\t<div class=\"div_text col-md-8 col-sm-7 no-p-l\">\n\t\t<p><span class=\"wpcf7-form-control-wrap\" data-name=\"fax-inscription\"><input size=\"40\" maxlength=\"400\" class=\"wpcf7-form-control wpcf7-text\" aria-invalid=\"false\" value=\"\" type=\"text\" name=\"fax-inscription\" \/><\/span>\n\t\t<\/p>\n\t<\/div>\n\t<div class=\"text col-md-4 col-sm-5 no-p-l\">\n\t\t<p>e-mail*\n\t\t<\/p>\n\t<\/div>\n\t<div class=\"div_text col-md-8 col-sm-7 no-p-l\">\n\t\t<p><span class=\"wpcf7-form-control-wrap\" data-name=\"email-inscription\"><input size=\"40\" maxlength=\"400\" class=\"wpcf7-form-control wpcf7-email wpcf7-validates-as-required wpcf7-text wpcf7-validates-as-email\" aria-required=\"true\" aria-invalid=\"false\" value=\"\" type=\"email\" name=\"email-inscription\" \/><\/span>\n\t\t<\/p>\n\t<\/div>\n\t<div class=\"text col-md-4 col-sm-5 no-p-l\" style=\"clear: both;\">\n\t\t<p>R\u00e8glement*\n\t\t<\/p>\n\t<\/div>\n\t<div class=\"div_text col-md-8 col-sm-7 no-p-l\">\n\t\t<p><span class=\"wpcf7-form-control-wrap\" data-name=\"reglement\"><span class=\"wpcf7-form-control wpcf7-radio\"><span class=\"wpcf7-list-item first\"><label><input type=\"radio\" name=\"reglement\" value=\"je souhaite recevoir une facture\" checked=\"checked\" \/><span class=\"wpcf7-list-item-label\">je souhaite recevoir une facture<\/span><\/label><\/span><span class=\"wpcf7-list-item last\"><label><input type=\"radio\" name=\"reglement\" value=\"par transfert bancaire\" \/><span class=\"wpcf7-list-item-label\">par transfert bancaire<\/span><\/label><\/span><\/span><\/span>\n\t\t<\/p>\n\t<\/div>\n\t<div class=\"text col-md-4 col-sm-5 no-p-l\">\n\t\t<p>Finance d\u2019inscription*\n\t\t<\/p>\n\t<\/div>\n\t<div class=\"div_text col-md-8 col-sm-7 no-p-l\">\n\t\t<p><span class=\"wpcf7-form-control-wrap\" data-name=\"Finance\"><select class=\"wpcf7-form-control wpcf7-select wpcf7-validates-as-required\" aria-required=\"true\" aria-invalid=\"false\" name=\"Finance\"><option value=\"Early bird jusqu&#039;au 10.12.2023: CHF 135.\u2013 pour les membres FDA\">Early bird jusqu&#039;au 10.12.2023: CHF 135.\u2013 pour les membres FDA<\/option><option value=\"Early bird jusqu&#039;au 10.12.2023: CHF 180.\u2013 pour les non-membres\">Early bird jusqu&#039;au 10.12.2023: CHF 180.\u2013 pour les non-membres<\/option><option value=\"CHF 150.\u2013 pour les membres FDA\">CHF 150.\u2013 pour les membres FDA<\/option><option value=\"CHF 200.\u2013 pour les non-membres\">CHF 200.\u2013 pour les non-membres<\/option><option value=\"CHF 70.\u2013 pour les \u00e9tudiants, avocats stagiaires &amp; assistants UNIGE\">CHF 70.\u2013 pour les \u00e9tudiants, avocats stagiaires &amp; assistants UNIGE<\/option><option value=\"CHF 60.\u2013 pour les \u00e9tudiants, avocats stagiaires &amp; assistants UNIGE membres FDA\">CHF 60.\u2013 pour les \u00e9tudiants, avocats stagiaires &amp; assistants UNIGE membres FDA<\/option><\/select><\/span>\n\t\t<\/p>\n\t<\/div>\n\t<div class=\"text col-md-4 col-sm-5 no-p-l\">\n\t\t<p>Je souhaite devenir membre de la Fondation pour le droit de l\u2019art et ainsi b\u00e9n\u00e9ficier de la r\u00e9duction lors de mon inscription \u00e0 la journ\u00e9e d\u2019\u00e9tude.\n\t\t<\/p>\n\t<\/div>\n\t<div class=\"div_text col-md-8 col-sm-7 no-p-l\">\n\t\t<p><span class=\"wpcf7-form-control-wrap\" data-name=\"membre\"><select class=\"wpcf7-form-control wpcf7-select\" aria-invalid=\"false\" name=\"membre\"><option value=\"----------\">----------<\/option><option value=\"Membre de soutien CHF 500.\u2013\">Membre de soutien CHF 500.\u2013<\/option><option value=\"Membre ordinaire CHF 200.\u2013\">Membre ordinaire CHF 200.\u2013<\/option><option value=\"Membre \u00e9tudiant\/stagiaire CHF 50.\u2013\">Membre \u00e9tudiant\/stagiaire CHF 50.\u2013<\/option><\/select><\/span>\n\t\t<\/p>\n\t<\/div>\n\t<p>------------------------------------------------\n\t<\/p>\n\t<p><span class=\"wpcf7-form-control-wrap\" data-name=\"acceptance-241\"><span class=\"wpcf7-form-control wpcf7-acceptance optional\"><span class=\"wpcf7-list-item\"><label><input type=\"checkbox\" name=\"acceptance-241\" value=\"1\" aria-invalid=\"false\" \/><span class=\"wpcf7-list-item-label\">Je souhaite recevoir les nouvelles de RAM<\/span><\/label><\/span><\/span><\/span>\n\t<\/p>\n\t<p><span class=\"wpcf7-form-control-wrap\" data-name=\"acceptance-241\"><span class=\"wpcf7-form-control wpcf7-acceptance optional\"><span class=\"wpcf7-list-item\"><label><input type=\"checkbox\" name=\"acceptance-241\" value=\"1\" aria-invalid=\"false\" \/><span class=\"wpcf7-list-item-label\">Je souhaite recevoir les nouvelles de la FDA<\/span><\/label><\/span><\/span><\/span>\n\t<\/p>\n\t<p><span class=\"wpcf7-form-control-wrap\" data-name=\"acceptance-241\"><span class=\"wpcf7-form-control wpcf7-acceptance optional\"><span class=\"wpcf7-list-item\"><label><input type=\"checkbox\" name=\"acceptance-241\" value=\"1\" aria-invalid=\"false\" \/><span class=\"wpcf7-list-item-label\">J'accepte que mon nom et mon titre figurent dans la liste des participants \u00e0 la conf\u00e9rence. Cette liste sera remise aux participants uniquement.<\/span><\/label><\/span><\/span><\/span>\n\t<\/p>\n<\/div>\n<div style=\"padding: 20px 25px 20px 25px; clear: both;\">\n\t<p><input class=\"wpcf7-form-control wpcf7-submit has-spinner\" type=\"submit\" value=\"Send\" \/>\n\t<\/p>\n<\/div><div class=\"wpcf7-response-output\" aria-hidden=\"true\"><\/div>\n<\/form>\n<\/div>\n\n\n\t\t\t<\/div>\n<div class=\"col-sm-4  box-hp-2 consiglio\">\n        \t<div class=\"bordo\"><\/div>\n        \t<h2><strong>Log In<\/strong><\/h2>\n\t\t\t<div id=\"wpmem_login\"><a id=\"login\"><\/a><form action=\"https:\/\/artlawfoundation.com\/fr\/inscription-ram\/\" method=\"POST\" id=\"wpmem_login_form\" class=\"form\"><input type=\"hidden\" id=\"_wpmem_login_nonce\" name=\"_wpmem_login_nonce\" value=\"544ffe37f5\" \/><input type=\"hidden\" name=\"_wp_http_referer\" value=\"\/fr\/wp-json\/wp\/v2\/pages\/4194\" \/><fieldset><legend>Connexion pour les utilisateurs enregistr\u00e9s<\/legend><label for=\"log\">Identifiant ou e-mail<\/label><div class=\"div_text\"><input name=\"log\" type=\"text\" id=\"log\" value=\"\" class=\"username\" required  \/><\/div><label for=\"pwd\">Mot de passe<\/label><div class=\"div_text\"><input name=\"pwd\" type=\"password\" id=\"pwd\" class=\"password\" required  \/><\/div><input name=\"a\" type=\"hidden\" value=\"login\" \/><input name=\"redirect_to\" type=\"hidden\" value=\"https:\/\/artlawfoundation.com\/fr\/inscription-ram\/\" \/><div class=\"button_div\"><input name=\"rememberme\" type=\"checkbox\" id=\"rememberme\" value=\"forever\" \/>&nbsp;<label for=\"rememberme\">Se souvenir de moi<\/label>&nbsp;&nbsp;<input type=\"submit\" name=\"Submit\" value=\"Connexion\" class=\"buttons\" \/><\/div><div class=\"link-text\"><span class=\"link-text-forgot\">Mot de passe oubli\u00e9\u00a0?&nbsp;<a href=\"https:\/\/artlawfoundation.com\/fr\/user-admin\/?a=pwdreset\">Cliquez ici pour r\u00e9initialiser<\/a><\/span><\/div><div class=\"link-text\"><span class=\"link-text-register\">Nouvel utilisateur\u00a0?&nbsp;<a href=\"https:\/\/artlawfoundation.com\/membership\/#wpmem_reg\">Cliquez ici pour vous inscrire<\/a><\/span><\/div><\/fieldset><\/form><\/div>\n        <\/div>[:]\n","protected":false},"excerpt":{"rendered":"[:]","protected":false},"author":3,"featured_media":0,"parent":0,"menu_order":4,"comment_status":"closed","ping_status":"closed","template":"","meta":{"_acf_changed":false,"footnotes":""},"class_list":["post-4194","page","type-page","status-publish","hentry"],"acf":[],"_links":{"self":[{"href":"https:\/\/artlawfoundation.com\/fr\/wp-json\/wp\/v2\/pages\/4194","targetHints":{"allow":["GET"]}}],"collection":[{"href":"https:\/\/artlawfoundation.com\/fr\/wp-json\/wp\/v2\/pages"}],"about":[{"href":"https:\/\/artlawfoundation.com\/fr\/wp-json\/wp\/v2\/types\/page"}],"author":[{"embeddable":true,"href":"https:\/\/artlawfoundation.com\/fr\/wp-json\/wp\/v2\/users\/3"}],"replies":[{"embeddable":true,"href":"https:\/\/artlawfoundation.com\/fr\/wp-json\/wp\/v2\/comments?post=4194"}],"version-history":[{"count":0,"href":"https:\/\/artlawfoundation.com\/fr\/wp-json\/wp\/v2\/pages\/4194\/revisions"}],"wp:attachment":[{"href":"https:\/\/artlawfoundation.com\/fr\/wp-json\/wp\/v2\/media?parent=4194"}],"curies":[{"name":"wp","href":"https:\/\/api.w.org\/{rel}","templated":true}]}}