{"id":4164,"date":"2022-06-03T12:38:18","date_gmt":"2022-06-03T10:38:18","guid":{"rendered":"https:\/\/artlawfoundation.com\/partenariats\/"},"modified":"2024-11-11T16:44:50","modified_gmt":"2024-11-11T15:44:50","slug":"partenariats","status":"publish","type":"page","link":"https:\/\/artlawfoundation.com\/fr\/partenariats\/","title":{"rendered":"Partenariats"},"content":{"rendered":"<h1><strong><em><a href=\"https:\/\/artlawfoundation.com\/fr\/fondation\/\">Fondation<\/a><\/em><\/strong> <span class=\"grey\">|<\/span> <strong><em><a href=\"https:\/\/artlawfoundation.com\/fr\/lequipe\/\">\u00c9quipe<\/a> <span class=\"grey\">|<\/span> <\/em><\/strong><strong><em><a href=\"https:\/\/artlawfoundation.com\/fr\/conseil\/\">Conseil de Fondation<\/a><\/em><\/strong> <span class=\"grey\">|<\/span> <strong><em>Partenariats<\/em><\/strong><\/h1>\n<div class=\"col-sm-12 bordo\"><\/div>\n          \t<div class=\"col-sm-12\" style=\"padding-top:20px\">\n\t\t\t\t\n<p>La FDA a le privil\u00e8ge d\u2019\u00eatre soutenue et accompagn\u00e9e par des partenaires institutions ou soci\u00e9t\u00e9s int\u00e9ress\u00e9s par la formation et l\u2019\u00e9ducation en mati\u00e8re de droit de l\u2019art et des biens culturels.<\/p>\n<p>Nos partenaires non seulement soutiennent financi\u00e8rement les activit\u00e9s de la FDA, mais surtout apportent leurs connaissances, comp\u00e9tences et services particuliers en vue de favoriser le d\u00e9veloppement de nos activit\u00e9s.<\/p>\n<p>La FDA reconna\u00eet et remercie chaleureusement les institutions et soci\u00e9t\u00e9s suivantes pour leur g\u00e9n\u00e9reux m\u00e9c\u00e9nat :<\/p>\n\n\t\t\t<\/div>\n<div class=\"col-md-12 pa100\"><\/div>\n\t<div class=\"row\">\n\t\t<div class=\"col-sm-12 box-tit\">\n        \t<div class=\"bordo\"><\/div>\n          \t<h2><strong>Partenaire fondateur<\/strong><\/h2>\n        <\/div>\n\t\t\n<div class=\"col-md-3 col-sm-4 text-center partner\">\n<a href=\"https:\/\/geneva-freeports.ch\/\" target=\"_blank\" rel=\"noopener\"><img loading=\"lazy\" decoding=\"async\" width=\"300\" height=\"122\" class=\"alignnone size-full wp-image-1985\" src=\"https:\/\/artlawfoundation.com\/site\/wp-content\/uploads\/2021\/07\/port_francs_fda.jpg\" alt=\"\" srcset=\"https:\/\/artlawfoundation.com\/site\/wp-content\/uploads\/2021\/07\/port_francs_fda.jpg 300w, https:\/\/artlawfoundation.com\/site\/wp-content\/uploads\/2021\/07\/port_francs_fda-250x102.jpg 250w, https:\/\/artlawfoundation.com\/site\/wp-content\/uploads\/2021\/07\/port_francs_fda-120x49.jpg 120w\" sizes=\"auto, (max-width: 300px) 100vw, 300px\" \/><\/a><br \/>\n<\/div>\n\n\t<\/div>\n<div class=\"col-md-12 pa100\"><\/div>\n\t<div class=\"row\">\n\t\t<div class=\"col-sm-12 box-tit\">\n        \t<div class=\"bordo\"><\/div>\n          \t<h2><strong>Partenaires<\/strong><\/h2>\n        <\/div>\n\t\t\n<div class=\"col-md-3 col-sm-4 text-center partner\">\n<a href=\"https:\/\/www.mirabaud.com\/\" target=\"_blank\" rel=\"noopener\"><img decoding=\"async\" class=\"alignnone size-full wp-image-1985\" src=\"https:\/\/artlawfoundation.com\/site\/wp-content\/uploads\/2022\/06\/Mirabaud__Cie_logo.jpg\" alt=\"\" \/><\/a><br \/>\n<\/div>\n<div class=\"col-md-3 col-sm-4 text-center partner\">\n<a href=\"https:\/\/www.bcdt.ch\/\" target=\"_blank\" rel=\"noopener\"><img decoding=\"async\" class=\"alignnone size-full wp-image-1985\" src=\"https:\/\/artlawfoundation.com\/site\/wp-content\/uploads\/2022\/06\/bcdt.jpg\" alt=\"\" \/><\/a><br \/>\n<\/div>\n\n\t<\/div>[:]\n","protected":false},"excerpt":{"rendered":"Fondation | \u00c9quipe | Conseil de Fondation | Partenariats [:]","protected":false},"author":1,"featured_media":0,"parent":0,"menu_order":9,"comment_status":"closed","ping_status":"closed","template":"template-demo.php","meta":{"_acf_changed":false,"footnotes":""},"class_list":["post-4164","page","type-page","status-publish","hentry"],"acf":[],"_links":{"self":[{"href":"https:\/\/artlawfoundation.com\/fr\/wp-json\/wp\/v2\/pages\/4164","targetHints":{"allow":["GET"]}}],"collection":[{"href":"https:\/\/artlawfoundation.com\/fr\/wp-json\/wp\/v2\/pages"}],"about":[{"href":"https:\/\/artlawfoundation.com\/fr\/wp-json\/wp\/v2\/types\/page"}],"author":[{"embeddable":true,"href":"https:\/\/artlawfoundation.com\/fr\/wp-json\/wp\/v2\/users\/1"}],"replies":[{"embeddable":true,"href":"https:\/\/artlawfoundation.com\/fr\/wp-json\/wp\/v2\/comments?post=4164"}],"version-history":[{"count":1,"href":"https:\/\/artlawfoundation.com\/fr\/wp-json\/wp\/v2\/pages\/4164\/revisions"}],"predecessor-version":[{"id":4244,"href":"https:\/\/artlawfoundation.com\/fr\/wp-json\/wp\/v2\/pages\/4164\/revisions\/4244"}],"wp:attachment":[{"href":"https:\/\/artlawfoundation.com\/fr\/wp-json\/wp\/v2\/media?parent=4164"}],"curies":[{"name":"wp","href":"https:\/\/api.w.org\/{rel}","templated":true}]}}