{"id":4052,"date":"2017-06-28T15:39:39","date_gmt":"2017-06-28T13:39:39","guid":{"rendered":"https:\/\/artlawfoundation.com\/ram\/"},"modified":"2017-06-28T15:39:39","modified_gmt":"2017-06-28T13:39:39","slug":"ram","status":"publish","type":"page","link":"https:\/\/artlawfoundation.com\/fr\/ram\/","title":{"rendered":"RAM"},"content":{"rendered":"<h1><strong><em>L&rsquo;initiative Responsible Art Market (RAM)\u00a0<\/em><\/strong><\/h1>\n<div class=\"col-sm-12 bordo\"><\/div>\n          \t<div class=\"col-sm-12\" style=\"padding-top:20px\">\n\t\t\t\t\n<p><img loading=\"lazy\" decoding=\"async\" width=\"252\" height=\"252\" class=\"size-full wp-image-920 alignright\" src=\"https:\/\/artlawfoundation.com\/site\/wp-content\/uploads\/2017\/01\/RAM-e1485611302518.png\" alt=\"\" srcset=\"https:\/\/artlawfoundation.com\/site\/wp-content\/uploads\/2017\/01\/RAM-e1485611302518.png 252w, https:\/\/artlawfoundation.com\/site\/wp-content\/uploads\/2017\/01\/RAM-e1485611302518-100x100.png 100w, https:\/\/artlawfoundation.com\/site\/wp-content\/uploads\/2017\/01\/RAM-e1485611302518-150x150.png 150w, https:\/\/artlawfoundation.com\/site\/wp-content\/uploads\/2017\/01\/RAM-e1485611302518-250x250.png 250w, https:\/\/artlawfoundation.com\/site\/wp-content\/uploads\/2017\/01\/RAM-e1485611302518-120x120.png 120w, https:\/\/artlawfoundation.com\/site\/wp-content\/uploads\/2017\/01\/RAM-e1485611302518-200x200.png 200w\" sizes=\"auto, (max-width: 252px) 100vw, 252px\" \/><\/p>\n<p>La FDA est un membre fondateur et chapeaute l&rsquo;initiative Responsible Art Market (RAM). RAM est une initiative interprofessionnelle form\u00e9e \u00e0 Gen\u00e8ve en 2015. Les membres fondateurs de RAM couvrent l\u2019entire du spectre du march\u00e9 de l\u2019art, comprenant\u00a0des galleries, marchands, maisons de ventes aux ench\u00e8res, conseillers et fournisseurs de services, avocats et acad\u00e9miciens ainsi que les autorit\u00e9s sp\u00e9cialis\u00e9s dans les questions relatives \u00e0 l\u2019art.<\/p>\n<p>La mission de RAM est de sensibiliser les acteurs du march\u00e9 de l\u2019art aux risques encourus par l\u2019industrie de l\u2019art et de fournir des conseils pratiques responsables qui permettront de faire face \u00e0 ces risques. Veuillez trouver plus d&rsquo;informations au sujet de RAM ainsi que ses lignes directrices sur son site <a href=\"http:\/\/www.responsibleartmarket.org\" target=\"_blank\" rel=\"noopener\">www.responsibleartmarket.org<\/a>.<\/p>\n\n\t\t\t<\/div>[:]\n","protected":false},"excerpt":{"rendered":"L&rsquo;initiative Responsible Art Market (RAM)\u00a0 [:]","protected":false},"author":1,"featured_media":0,"parent":0,"menu_order":15,"comment_status":"closed","ping_status":"closed","template":"template-demo.php","meta":{"_acf_changed":false,"footnotes":""},"class_list":["post-4052","page","type-page","status-publish","hentry"],"acf":[],"_links":{"self":[{"href":"https:\/\/artlawfoundation.com\/fr\/wp-json\/wp\/v2\/pages\/4052","targetHints":{"allow":["GET"]}}],"collection":[{"href":"https:\/\/artlawfoundation.com\/fr\/wp-json\/wp\/v2\/pages"}],"about":[{"href":"https:\/\/artlawfoundation.com\/fr\/wp-json\/wp\/v2\/types\/page"}],"author":[{"embeddable":true,"href":"https:\/\/artlawfoundation.com\/fr\/wp-json\/wp\/v2\/users\/1"}],"replies":[{"embeddable":true,"href":"https:\/\/artlawfoundation.com\/fr\/wp-json\/wp\/v2\/comments?post=4052"}],"version-history":[{"count":0,"href":"https:\/\/artlawfoundation.com\/fr\/wp-json\/wp\/v2\/pages\/4052\/revisions"}],"wp:attachment":[{"href":"https:\/\/artlawfoundation.com\/fr\/wp-json\/wp\/v2\/media?parent=4052"}],"curies":[{"name":"wp","href":"https:\/\/api.w.org\/{rel}","templated":true}]}}