{"id":4022,"date":"2015-12-16T19:31:13","date_gmt":"2015-12-16T18:31:13","guid":{"rendered":"https:\/\/artlawfoundation.com\/deja-membre\/"},"modified":"2025-11-05T22:38:16","modified_gmt":"2025-11-05T21:38:16","slug":"deja-membre","status":"publish","type":"page","link":"https:\/\/artlawfoundation.com\/fr\/deja-membre\/","title":{"rendered":"D\u00e9j\u00e0 membre?"},"content":{"rendered":"<div class=\"col-sm-8 box-tit-2 registration-box\">\n        \t\t<div class=\"bordo\"><\/div>\n          \t\t<h1><strong>D\u00e9j\u00e0 membre?<\/strong><\/h1>\n\t\t\t\t\n<p>Si vous \u00eates d\u00e9j\u00e0 membre de la FDA et que vous souhaitez acc\u00e9der au contenu en ligne (notamment la documentation de nos conf\u00e9rences pr\u00e9c\u00e9dentes ainsi que le Art Law Magazine), veuillez-vous inscrire ci-dessous et choisir un nom d&rsquo;utilisateur. Une confirmation d&rsquo;inscription ainsi qu&rsquo;un mot de passe vous parviendront prochainement.<\/p>\n<div id=\"wpmem_reg\"><a id=\"register\"><\/a><form name=\"form\" method=\"post\" action=\"https:\/\/artlawfoundation.com\/fr\/deja-membre\/\" id=\"wpmem_register_form\" class=\"form\"><input type=\"hidden\" id=\"_wpmem_register_nonce\" name=\"_wpmem_register_nonce\" value=\"80bacb47ba\" \/><input type=\"hidden\" name=\"_wp_http_referer\" value=\"\/fr\/wp-json\/wp\/v2\/pages\/4022\" \/><fieldset><legend>Nouvel utilisateur\u00a0?<\/legend><label for=\"username\" class=\"text\">Choisissez un Nom d\u2019utilisateur<span class=\"req\">*<\/span><\/label><div class=\"div_text\"><input name=\"username\" type=\"text\" id=\"username\" value=\"\" class=\"textbox\" required  \/><\/div><label for=\"membership\" class=\"select\">Type of membership:<span class=\"req\">*<\/span><\/label><div class=\"div_select\"><select name=\"membership\" id=\"membership\" class=\"dropdown\" required ><option value=\"Alrady member\">Already a member?<\/option><option value=\"Supporting Member 600\">Supporting Member CHF 600.\u2013<\/option><option value=\"ordinaire 250\">[Regular Member CHF 250.\u2013<\/option><option value=\"\u00e9tudiant\/stagiaire 70\">Student\/Intern Member CHF 70.\u2013<\/option><option value=\"Make a Donation\">Make a Donation<\/option><\/select><\/div><label for=\"first_name\" class=\"text\">Pr\u00e9nom<span class=\"req\">*<\/span><\/label><div class=\"div_text\"><input name=\"first_name\" type=\"text\" id=\"first_name\" value=\"\" class=\"textbox\" required  \/><\/div><label for=\"last_name\" class=\"text\">Nom<span class=\"req\">*<\/span><\/label><div class=\"div_text\"><input name=\"last_name\" type=\"text\" id=\"last_name\" value=\"\" class=\"textbox\" required  \/><\/div><label for=\"profession\" class=\"text\">Profession<\/label><div class=\"div_text\"><input name=\"profession\" type=\"text\" id=\"profession\" value=\"\" class=\"textbox\" \/><\/div><label for=\"company\" class=\"text\">Company<\/label><div class=\"div_text\"><input name=\"company\" type=\"text\" id=\"company\" value=\"\" class=\"textbox\" \/><\/div><label for=\"addr1\" class=\"text\">Adresse 1<span class=\"req\">*<\/span><\/label><div class=\"div_text\"><input name=\"addr1\" type=\"text\" id=\"addr1\" value=\"\" class=\"textbox\" required  \/><\/div><label for=\"zip\" class=\"text\">Code postal<span class=\"req\">*<\/span><\/label><div class=\"div_text\"><input name=\"zip\" type=\"text\" id=\"zip\" value=\"\" class=\"textbox\" required  \/><\/div><label for=\"city\" class=\"text\">Ville<span class=\"req\">*<\/span><\/label><div class=\"div_text\"><input name=\"city\" type=\"text\" id=\"city\" value=\"\" class=\"textbox\" required  \/><\/div><label for=\"country\" class=\"text\">Pays<span class=\"req\">*<\/span><\/label><div class=\"div_text\"><input name=\"country\" type=\"text\" id=\"country\" value=\"\" class=\"textbox\" required  \/><\/div><label for=\"user_email\" class=\"text\">Courriel<span class=\"req\">*<\/span><\/label><div class=\"div_text\"><input name=\"user_email\" type=\"text\" id=\"user_email\" value=\"\" class=\"textbox\" required  \/><\/div><label for=\"phone1\" class=\"text\">T\u00e9l\u00e9phone professionnel<\/label><div class=\"div_text\"><input name=\"phone1\" type=\"text\" id=\"phone1\" value=\"\" class=\"textbox\" \/><\/div><label for=\"fax\" class=\"text\">Fax<\/label><div class=\"div_text\"><input name=\"fax\" type=\"text\" id=\"fax\" value=\"\" class=\"textbox\" \/><\/div><input name=\"a\" type=\"hidden\" value=\"register\" \/><input name=\"wpmem_reg_page\" type=\"hidden\" value=\"https:\/\/artlawfoundation.com\/fr\/deja-membre\/\" \/><div class=\"button_div\"><input name=\"submit\" type=\"submit\" value=\"S\u2019inscrire\" class=\"buttons\" \/><\/div><div class=\"req-text\"><span class=\"req\">*<\/span>Champ requis<\/div><\/fieldset><\/form><\/div>Si vous ne recevez pas de confirmation de notre part veuillez nous envoyer un courriel \u00e0: <a href=\"mailto:info@artlawfoundation.com\">info@artlawfoundation.com<\/a><\/p>\n\n\n\t\t\t<\/div>\n<div class=\"col-sm-4  box-hp-2 consiglio\">\n        \t<div class=\"bordo\"><\/div>\n        \t<h2><strong>Log In<\/strong><\/h2>\n\t\t\t<div id=\"wpmem_login\"><a id=\"login\"><\/a><form action=\"https:\/\/artlawfoundation.com\/fr\/deja-membre\/\" method=\"POST\" id=\"wpmem_login_form\" class=\"form\"><input type=\"hidden\" id=\"_wpmem_login_nonce\" name=\"_wpmem_login_nonce\" value=\"b9af72a16b\" \/><input type=\"hidden\" name=\"_wp_http_referer\" value=\"\/fr\/wp-json\/wp\/v2\/pages\/4022\" \/><fieldset><legend>Connexion pour les utilisateurs enregistr\u00e9s<\/legend><label for=\"log\">Identifiant ou e-mail<\/label><div class=\"div_text\"><input name=\"log\" type=\"text\" id=\"log\" value=\"\" class=\"username\" required  \/><\/div><label for=\"pwd\">Mot de passe<\/label><div class=\"div_text\"><input name=\"pwd\" type=\"password\" id=\"pwd\" class=\"password\" required  \/><\/div><input name=\"a\" type=\"hidden\" value=\"login\" \/><input name=\"redirect_to\" type=\"hidden\" value=\"https:\/\/artlawfoundation.com\/fr\/deja-membre\/\" \/><div class=\"button_div\"><input name=\"rememberme\" type=\"checkbox\" id=\"rememberme\" value=\"forever\" \/>&nbsp;<label for=\"rememberme\">Se souvenir de moi<\/label>&nbsp;&nbsp;<input type=\"submit\" name=\"Submit\" value=\"Connexion\" class=\"buttons\" \/><\/div><div class=\"link-text\"><span class=\"link-text-forgot\">Mot de passe oubli\u00e9\u00a0?&nbsp;<a href=\"https:\/\/artlawfoundation.com\/fr\/user-admin\/?a=pwdreset\">Cliquez ici pour r\u00e9initialiser<\/a><\/span><\/div><div class=\"link-text\"><span class=\"link-text-register\">Nouvel utilisateur\u00a0?&nbsp;<a href=\"https:\/\/artlawfoundation.com\/membership\/#wpmem_reg\">Cliquez ici pour vous inscrire<\/a><\/span><\/div><\/fieldset><\/form><\/div>\n        <\/div>\n<p><script>\/\/ <![CDATA[\n$(document).ready(function() { $('#wpmem_reg .text').addClass('col-md-4 col-sm-5 no-p-l'); $('#wpmem_reg .select').addClass('col-md-4 col-sm-5 no-p-l'); $('#wpmem_reg .div_text').addClass('col-md-8 col-sm-7 no-p-l'); $('#wpmem_reg .div_select').addClass('col-md-8 col-sm-7 no-p-l'); });\n\/\/ ]]><\/script>[:]\n","protected":false},"excerpt":{"rendered":"[:]","protected":false},"author":1,"featured_media":0,"parent":0,"menu_order":34,"comment_status":"closed","ping_status":"closed","template":"","meta":{"_acf_changed":false,"footnotes":""},"class_list":["post-4022","page","type-page","status-publish","hentry"],"acf":[],"_links":{"self":[{"href":"https:\/\/artlawfoundation.com\/fr\/wp-json\/wp\/v2\/pages\/4022","targetHints":{"allow":["GET"]}}],"collection":[{"href":"https:\/\/artlawfoundation.com\/fr\/wp-json\/wp\/v2\/pages"}],"about":[{"href":"https:\/\/artlawfoundation.com\/fr\/wp-json\/wp\/v2\/types\/page"}],"author":[{"embeddable":true,"href":"https:\/\/artlawfoundation.com\/fr\/wp-json\/wp\/v2\/users\/1"}],"replies":[{"embeddable":true,"href":"https:\/\/artlawfoundation.com\/fr\/wp-json\/wp\/v2\/comments?post=4022"}],"version-history":[{"count":1,"href":"https:\/\/artlawfoundation.com\/fr\/wp-json\/wp\/v2\/pages\/4022\/revisions"}],"predecessor-version":[{"id":4605,"href":"https:\/\/artlawfoundation.com\/fr\/wp-json\/wp\/v2\/pages\/4022\/revisions\/4605"}],"wp:attachment":[{"href":"https:\/\/artlawfoundation.com\/fr\/wp-json\/wp\/v2\/media?parent=4022"}],"curies":[{"name":"wp","href":"https:\/\/api.w.org\/{rel}","templated":true}]}}