{"id":4014,"date":"2015-11-13T14:21:12","date_gmt":"2015-11-13T13:21:12","guid":{"rendered":"https:\/\/artlawfoundation.com\/conseil\/"},"modified":"2024-11-11T16:44:12","modified_gmt":"2024-11-11T15:44:12","slug":"conseil","status":"publish","type":"page","link":"https:\/\/artlawfoundation.com\/fr\/conseil\/","title":{"rendered":"Conseil"},"content":{"rendered":"<h1><strong><em><a href=\"https:\/\/artlawfoundation.com\/fr\/fondation\/\">Fondation<\/a> <span class=\"grey\">|<\/span> <\/em><\/strong><strong><em><a href=\"https:\/\/artlawfoundation.com\/fr\/lequipe\/\">\u00c9quipe<\/a> <span class=\"grey\">|<\/span> <\/em><\/strong><strong><em>Conseil de Fondation<\/em><\/strong> <span class=\"grey\">|<\/span> <strong><em><a href=\"https:\/\/artlawfoundation.com\/fr\/partenariats\/\">Partenariats<\/a><\/em><\/strong><\/h1>\n<div class=\"col-sm-12 bordo\"><\/div>\n            <div class=\"col-sm-3 profileImg text-center-xs\"><img decoding=\"async\" src=\"https:\/\/artlawfoundation.com\/site\/wp-content\/uploads\/2015\/11\/Pierre-Gabus.jpg\"><\/div>\n          \t<div class=\"col-sm-9 profileTxt\">\n            \t<h3><strong>Pierre Gabus<\/strong><\/h3>\n                <div class=\"info\">Avocat, Pr\u00e9sident du Conseil de Fondation<\/div>\n                <p>\n<p>Pierre Gabus exerce le m\u00e9tier d&rsquo;avocat \u00e0 titre ind\u00e9pendant depuis 1985. Apr\u00e8s avoir dirig\u00e9 la Fondation pour le droit de l&rsquo;art d\u00e8s l&rsquo;ann\u00e9e 2002, il assume d\u00e9sormais la pr\u00e9sidence du Conseil depuis la fin de l&rsquo;ann\u00e9e 2010. Il est \u00e9galement pr\u00e9sident du Conseil d&rsquo;administration d&rsquo;une banque coop\u00e9rative. Pierre Gabus est notamment co-\u00e9diteur du commentaire LTBC paru chez Schulthess ainsi que du volume 25 des Etudes en droit de l&rsquo;art \u00ab\u00a0L&rsquo;art a-t-il un prix ? The Art of Pricing the Priceless\u00a0\u00bb.<\/p>\n                <span class=\"symbol\"><a href=\"#\" target=\"_blank\">linkedin<\/a><\/span>\n                <span class=\"symbol\"><a href=\"mailto:\">email<\/a><\/span>\n\t\t\t<\/div>\n<div class=\"col-sm-12 bordo\"><\/div>\n            <div class=\"col-sm-3 profileImg text-center-xs\"><img decoding=\"async\" src=\"https:\/\/artlawfoundation.com\/site\/wp-content\/uploads\/2021\/07\/LA-2.jpg\"><\/div>\n          \t<div class=\"col-sm-9 profileTxt\">\n            \t<h3><strong>Lionel Aeschlimann<\/strong><\/h3>\n                <div class=\"info\">Managing Partner, Miraubaud Group<\/div>\n                <p>Lionel Aeschlimann a rejoint Mirabaud &amp; Cie en 2010 en tant que membre du comit\u00e9 ex\u00e9cutif. Il est Associ\u00e9 g\u00e9rant depuis janvier 2011 et est le CEO de Mirabaud Asset Management depuis sa cr\u00e9ation en 2012. Auparavant, il \u00e9tait associ\u00e9 du cabinet d&rsquo;avocats suisse Schellenberg Wittmer, Gen\u00e8ve et Zurich, o\u00f9 il dirigeait la pratique bancaire et financi\u00e8re du cabinet. Aeschlimann est \u00e9galement membre de la Commission des OPA, ainsi que du conseil de la Fondation Avenir Suisse.<\/p>\n                <span class=\"symbol\"><a href=\"https:\/\/www.linkedin.com\/in\/lionel-aeschlimann-7ab97a1a6\/\" target=\"_blank\">linkedin<\/a><\/span>\n                <span class=\"symbol\"><a href=\"mailto:\">email<\/a><\/span>\n\t\t\t<\/div>\n<div class=\"col-sm-12 bordo\"><\/div>\n            <div class=\"col-sm-3 profileImg text-center-xs\"><img decoding=\"async\" src=\"https:\/\/artlawfoundation.com\/site\/wp-content\/uploads\/2024\/01\/Yaniv-Benhamou-1.jpg\"><\/div>\n          \t<div class=\"col-sm-9 profileTxt\">\n            \t<h3><strong>Yaniv Benhamou<\/strong><\/h3>\n                <div class=\"info\">Professeur associ\u00e9 de droit du num\u00e9rique, Universit\u00e9 de Gen\u00e8ve<\/div>\n                <p>Yaniv Benhamou est professeur associ\u00e9 de droit du num\u00e9rique \u00e0 la Facult\u00e9 de droit,\u00a0sp\u00e9cialis\u00e9 en protection et gouvernance des donn\u00e9es, droit de la cr\u00e9ation et des technologies (dont le Big Data,\u00a0Intelligence Artificielle et Humanit\u00e9s Num\u00e9riques). Il est membre du Centre de droit du num\u00e9rique. Depuis 2015, il co-organise avec le Prof. Jacques de Werra la <a href=\"https:\/\/www.unige.ch\/genevasummerschools\/programme\/courses\/digital-law\" target=\"_blank\" rel=\"noopener\">Digital Law Summer School<\/a>. Depuis\u00a02018, il est mandat\u00e9 comme expert international par l\u2019OMPI pour les questions de droit d\u2019auteur et\u00a0mus\u00e9es, et notamment auteur du\u00a0<a href=\"https:\/\/www.wipo.int\/edocs\/mdocs\/copyright\/en\/sccr_38\/sccr_38_5.pdf\" target=\"_blank\" rel=\"noopener\">Report on Copyright Practices and Challenges of\u00a0Museums<\/a>, ainsi que pour le Big Data et la propri\u00e9t\u00e9 intellectuelle. Il a \u00e9galement co-dirig\u00e9 un <a href=\"http:\/\/www.digitizationpolicies.com\/\" target=\"_blank\" rel=\"noopener\">projet de\u00a0recherche sur la num\u00e9risation de l\u2019art<\/a> (Digitization of Museum Collections).<\/p>\n                <span class=\"symbol\"><a href=\"#\" target=\"_blank\">linkedin<\/a><\/span>\n                <span class=\"symbol\"><a href=\"mailto:#\">email<\/a><\/span>\n\t\t\t<\/div>\n<div class=\"col-sm-12 bordo\"><\/div>\n            <div class=\"col-sm-3 profileImg text-center-xs\"><img decoding=\"async\" src=\"https:\/\/artlawfoundation.com\/site\/wp-content\/uploads\/2024\/01\/Gloria-Gaggioli.jpg\"><\/div>\n          \t<div class=\"col-sm-9 profileTxt\">\n            \t<h3><strong>Gloria Gaggioli<\/strong><\/h3>\n                <div class=\"info\">Professeure associ\u00e9e en droit international public, Universit\u00e9 de Gen\u00e8ve, directrice de l'Acad\u00e9mie de droit international humanitaire et de droits humains<\/div>\n                <p>Gloria Gaggioli est une juriste internationale avec plus de 15 ans d&rsquo;exp\u00e9rience acad\u00e9mique et pratique. Elle a men\u00e9 des recherches et enseign\u00e9 dans plusieurs universit\u00e9s en Suisse, en France, au Danemark, en Su\u00e8de et aux \u00c9tats-Unis, et a travaill\u00e9 comme conseill\u00e8re juridique au Comit\u00e9 international de la Croix-Rouge (Gen\u00e8ve). Elle est sp\u00e9cialis\u00e9e dans le droit international humanitaire et les droits de l&rsquo;homme et a publi\u00e9 de nombreux ouvrages sur le droit international. Elle est professeur associ\u00e9 \u00e0 l&rsquo;Universit\u00e9 de Gen\u00e8ve et directrice de l&rsquo;Acad\u00e9mie de droit international humanitaire et de droits humains \u00e0 Gen\u00e8ve. Elle est \u00e9galement membre du conseil d&rsquo;administration de l&rsquo;Appel de Gen\u00e8ve et de la Revue internationale de la Croix-Rouge.<\/p>\n                <span class=\"symbol\"><a href=\"https:\/\/www.linkedin.com\/in\/gloria-gaggioli-5345235\/\" target=\"_blank\">linkedin<\/a><\/span>\n                <span class=\"symbol\"><a href=\"mailto:#\">email<\/a><\/span>\n\t\t\t<\/div>\n<div class=\"col-sm-12 bordo\"><\/div>\n            <div class=\"col-sm-3 profileImg text-center-xs\"><img decoding=\"async\" src=\"https:\/\/artlawfoundation.com\/site\/wp-content\/uploads\/2015\/10\/Giroud-press-color-new_2.jpg\"><\/div>\n          \t<div class=\"col-sm-9 profileTxt\">\n            \t<h3><strong>Sandrine Giroud<\/strong><\/h3>\n                <div class=\"info\">Avocate<\/div>\n                <p>Sandrine Giroud est avocate associ\u00e9e de l\u2019\u00e9tude LALIVE \u00e0 Gen\u00e8ve. Elle est sp\u00e9cialis\u00e9e en contentieux interne et international, en client\u00e8le priv\u00e9e et en droit de l\u2019art. Dans sa pratique, Sandrine conseille collectionneurs, professionnels de l\u2019art et mus\u00e9es sur toutes les questions relatives au droit de l\u2019art, notamment en cas de litiges et d\u2019affaires transactionnelles. Passionn\u00e9e d\u2019art, elle si\u00e8ge au conseil de fondation du Mus\u00e9e National Suisse et est membre de plusieurs associations en lien avec l\u2019art, telles que les Professional Advisors to the International Art Market (PAIAM) et la commission de droit de l\u2019art de l\u2019Association du Barreau International (IBA). Sandrine intervient aussi r\u00e9guli\u00e8rement dans des conf\u00e9rences internationales sur le droit de l\u2019art et a publi\u00e9 de nombreux articles dans ce domaine. Elle est titulaire d\u2019une licence en droit de l\u2019Universit\u00e9 de Fribourg, d\u2019un LL.M. en r\u00e8glement des diff\u00e9rends internationaux de l\u2019Universit\u00e9 de Gen\u00e8ve ainsi que d\u2019un certificat avanc\u00e9 en droit des trusts de la Society of Trust and Estate Practitioners (STEP).<\/p>\n                <span class=\"symbol\"><a href=\"https:\/\/www.linkedin.com\/in\/sandrinegiroud\" target=\"_blank\">linkedin<\/a><\/span>\n                <span class=\"symbol\"><a href=\"mailto:sgiroud@lalive.ch\">email<\/a><\/span>\n\t\t\t<\/div>\n<div class=\"col-sm-12 bordo\"><\/div>\n            <div class=\"col-sm-3 profileImg text-center-xs\"><img decoding=\"async\" src=\"https:\/\/artlawfoundation.com\/site\/wp-content\/uploads\/2015\/11\/profile_m.jpg\"><\/div>\n          \t<div class=\"col-sm-9 profileTxt\">\n            \t<h3><strong>Mauro Natale<\/strong><\/h3>\n                <div class=\"info\">Professeur honoraire, Universit\u00e9 de Gen\u00e8ve<\/div>\n                <p>Mauro Natale est Professeur honoraire de la Facult\u00e9 des Lettres de l&rsquo;Universit\u00e9 de Gen\u00e8ve.<\/p>\n                <span class=\"symbol\"><a href=\"#\" target=\"_blank\">linkedin<\/a><\/span>\n                <span class=\"symbol\"><a href=\"mailto:\">email<\/a><\/span>\n\t\t\t<\/div>\n<div class=\"col-sm-12 bordo\"><\/div>\n            <div class=\"col-sm-3 profileImg text-center-xs\"><img decoding=\"async\" src=\"https:\/\/artlawfoundation.com\/site\/wp-content\/uploads\/2015\/11\/de-Proyart-Eveline__.jpg\"><\/div>\n          \t<div class=\"col-sm-9 profileTxt\">\n            \t<h3><strong>Eveline de Proyart<\/strong><\/h3>\n                <div class=\"info\">Chairwoman Christie\u2019s Suisse<\/div>\n                <p>Eveline de Proyart est la Vice-Pr\u00e9sidente de Christie&rsquo;s pour la Suisse et la directrice g\u00e9n\u00e9rale du bureau de Christie&rsquo;s \u00e0 Gen\u00e8ve, en charge du d\u00e9veloppement des activit\u00e9s de Christie&rsquo;s en Suisse Romande. Responsable de la strat\u00e9gie et des \u00e9v\u00e9nements, elle est l&rsquo;interlocutrice privil\u00e9gi\u00e9e des collectionneurs d&rsquo;art de cette r\u00e9gion.<\/p>\n<p>Eveline de Proyart est entr\u00e9e chez Christie&rsquo;s en 1994 au poste de directrice de la communication et de la presse pour la Suisse. Pendant sept ans, elle a d\u00e9fini les strat\u00e9gies de communication, g\u00e9r\u00e9 les relations avec les journalistes ainsi que l&rsquo;organisation d&rsquo;\u00e9v\u00e8nements dans toute la Suisse. En 2001 son r\u00f4le s&rsquo;\u00e9tend aux d\u00e9veloppement des relations avec les collectionneurs et l&rsquo;ensemble des conseillers professionnels. Depuis 2012 elle dirige le bureau de Gen\u00e8ve.<\/p>\n<p>Avant de rejoindre Christie&rsquo;s, Eveline de Proyart avait travaill\u00e9 pour deux prestigieuses soci\u00e9t\u00e9s de luxe fran\u00e7aises, pendant 12 ans pour Louis Vuitton et pendant 4 ans pour Harel.<\/p>\n                <span class=\"symbol\"><a href=\"#\" target=\"_blank\">linkedin<\/a><\/span>\n                <span class=\"symbol\"><a href=\"mailto:#\">email<\/a><\/span>\n\t\t\t<\/div>\n<div class=\"col-sm-12 bordo\"><\/div>\n            <div class=\"col-sm-3 profileImg text-center-xs\"><img decoding=\"async\" src=\"https:\/\/artlawfoundation.com\/site\/wp-content\/uploads\/2024\/03\/photo-profile-002.jpg\"><\/div>\n          \t<div class=\"col-sm-9 profileTxt\">\n            \t<h3><strong>St\u00e9phanie Schleining<\/strong><\/h3>\n                <div class=\"info\">Directrice, Bonhams Suisse<\/div>\n                <p> Apr\u00e8s avoir obtenu un master en Histoire de l&rsquo;Art et en litt\u00e9rature fran\u00e7aise \u00e0 l&rsquo;Universit\u00e9 de Gen\u00e8ve, St\u00e9phanie a poursuivi des \u00e9tudes en marketing et en communication. St\u00e9phanie poss\u00e8de 25 ans d&rsquo;exp\u00e9rience sur le march\u00e9 de l&rsquo;art. Elle a travaill\u00e9 pour Daniel Varenne, c\u00e9l\u00e8bre marchand \u00e0 Gen\u00e8ve, puis pour des maisons de vente aux ench\u00e8res internationales telles que Phillips et Sotheby&rsquo;s. Elle a pass\u00e9 plus de vingt ans chez Sotheby&rsquo;s, o\u00f9 elle a occup\u00e9 des postes cl\u00e9s, notamment celui de responsable des ventes \u00e0 Zurich et sp\u00e9cialiste en Art Suisse. Depuis 2024, elle est directrice de Bonhams Suisse.<\/p>\n<p>Au-del\u00e0 de cette expertise, St\u00e9phanie a une grande exp\u00e9rience du d\u00e9veloppement commercial, de la gestion de projets et d&rsquo;\u00e9quipes. Elle a \u00e9galement conseill\u00e9 pendant de longues ann\u00e9es collectionneurs priv\u00e9s et institutions en Europe et aux \u00c9tats-Unis. Elle a jou\u00e9 un r\u00f4le essentiel dans la promotion de l&rsquo;Art Suisse au niveau international et, en tant que commissaire-priseur, a eu le privil\u00e8ge de vendre des chefs-d&rsquo;\u0153uvre aux ench\u00e8res, contribuant ainsi \u00e0 l&rsquo;\u00e9tablissement de prix records dans ce domaine.<\/p>\n                <span class=\"symbol\"><a href=\"https:\/\/www.linkedin.com\/in\/stephanieschleining\/?originalSubdomain=ch\" target=\"_blank\">linkedin<\/a><\/span>\n                <span class=\"symbol\"><a href=\"mailto:\">email<\/a><\/span>\n\t\t\t<\/div>\n<div class=\"col-sm-12 bordo\"><\/div>\n            <div class=\"col-sm-3 profileImg text-center-xs\"><img decoding=\"async\" src=\"https:\/\/artlawfoundation.com\/site\/wp-content\/uploads\/2021\/08\/Portrait-BWA-2021-.jpg\"><\/div>\n          \t<div class=\"col-sm-9 profileTxt\">\n            \t<h3><strong>Boris Wastiau<\/strong><\/h3>\n                <div class=\"info\">Anthropologue, Directeur de l'Alimentarium, Vevey<\/div>\n                <p>\n<p>Boris Wastiau est le directeur de l&rsquo;Alimentarium depuis 2022. Pr\u00e9c\u00e9demment, il \u00e9tait directeur du Mus\u00e9e d&rsquo;ethnographie de la Ville de Gen\u00e8ve (MEG). A ce titre, il\u00a0a eu pour mission de faire aboutir le projet du nouveau mus\u00e9e, qui a rouvert ses portes au public le 31 octobre 2014, ainsi que de r\u00e9orienter et repositionner l\u2019institution, qui a obtenu le <a href=\"https:\/\/www.europeanforum.museum\/en\/\">European Museum of the Year Award<\/a> en 2017. Il a \u00e9t\u00e9 charg\u00e9 de cours, puis professeur titulaire, dans l\u2019Unit\u00e9 histoire et anthropologie des religions de l\u2019UNIGE, de 2009 \u00e0 2019. Auparavant, il a travaill\u00e9 11 ans comme conservateur au Mus\u00e9e royal de l\u2019Afrique Centrale (Belgique). Apr\u00e8s avoir \u00e9tudi\u00e9 l\u2019anthropologie \u00e0 l\u2019Universit\u00e9 libre de Bruxelles et \u00e0 l\u2019Universit\u00e9 de Co\u00efmbre, il pr\u00e9sente en 1997 \u00e0 l\u2019Universit\u00e9 de East Anglia une th\u00e8se de doctorat en anthropologie de l\u2019art consacr\u00e9e aux cultes de possession. Tout au long de ses \u00e9tudes et de sa carri\u00e8re professionnelle, Boris Wastiau effectue de nombreuses missions de recherche sur le terrain, tant en Afrique qu\u2019en Am\u00e9rique latine. Sp\u00e9cialiste des cultures et religions d\u2019Afrique centrale et de la mus\u00e9ologie critique, il travaille \u00e9galement sur <a href=\"https:\/\/www.oxfordhandbooks.com\/view\/10.1093\/oxfordhb\/9780199766024.001.0001\/oxfordhb-9780199766024-e-25\">la provenance des collections africaines<\/a>, le trafic illicite et les questions de restitution. Il est l\u2019auteur de nombreux ouvrages et expositions dont <em>ExitCongoMuseum<\/em> (2000), <em>Mahamba<\/em> (2000), <em>Chokwe<\/em> (2006), <em>M\u00e9dusa en Afrique<\/em> (2008), <a href=\"http:\/\/www.ville-ge.ch\/meg\/pdf\/486.pdf\">Amazonie. Le chamane et la pens\u00e9e de la for\u00eat<\/a> (2016), <em>Afrique. Les religions de l\u2019extase<\/em> (2018).<\/p>\n                <span class=\"symbol\"><a href=\"https:\/\/www.linkedin.com\/in\/boriswastiau\/\" target=\"_blank\">linkedin<\/a><\/span>\n                <span class=\"symbol\"><a href=\"mailto:\">email<\/a><\/span>\n\t\t\t<\/div>[:]\n","protected":false},"excerpt":{"rendered":"Fondation | \u00c9quipe | Conseil de Fondation | Partenariats [:]","protected":false},"author":1,"featured_media":0,"parent":0,"menu_order":42,"comment_status":"closed","ping_status":"closed","template":"template-demo.php","meta":{"_acf_changed":false,"footnotes":""},"class_list":["post-4014","page","type-page","status-publish","hentry"],"acf":[],"_links":{"self":[{"href":"https:\/\/artlawfoundation.com\/fr\/wp-json\/wp\/v2\/pages\/4014","targetHints":{"allow":["GET"]}}],"collection":[{"href":"https:\/\/artlawfoundation.com\/fr\/wp-json\/wp\/v2\/pages"}],"about":[{"href":"https:\/\/artlawfoundation.com\/fr\/wp-json\/wp\/v2\/types\/page"}],"author":[{"embeddable":true,"href":"https:\/\/artlawfoundation.com\/fr\/wp-json\/wp\/v2\/users\/1"}],"replies":[{"embeddable":true,"href":"https:\/\/artlawfoundation.com\/fr\/wp-json\/wp\/v2\/comments?post=4014"}],"version-history":[{"count":1,"href":"https:\/\/artlawfoundation.com\/fr\/wp-json\/wp\/v2\/pages\/4014\/revisions"}],"predecessor-version":[{"id":4243,"href":"https:\/\/artlawfoundation.com\/fr\/wp-json\/wp\/v2\/pages\/4014\/revisions\/4243"}],"wp:attachment":[{"href":"https:\/\/artlawfoundation.com\/fr\/wp-json\/wp\/v2\/media?parent=4014"}],"curies":[{"name":"wp","href":"https:\/\/api.w.org\/{rel}","templated":true}]}}