{"id":4012,"date":"2015-11-13T14:17:54","date_gmt":"2015-11-13T13:17:54","guid":{"rendered":"https:\/\/artlawfoundation.com\/lequipe\/"},"modified":"2024-11-11T16:46:42","modified_gmt":"2024-11-11T15:46:42","slug":"lequipe","status":"publish","type":"page","link":"https:\/\/artlawfoundation.com\/fr\/lequipe\/","title":{"rendered":"L&rsquo;\u00e9quipe"},"content":{"rendered":"<h1><strong><em><a href=\"https:\/\/artlawfoundation.com\/fr\/fondation\/\">Fondation<\/a> <span class=\"grey\">|<\/span>\u00a0<\/em><\/strong><strong><em>\u00c9quipe <span class=\"grey\">|<\/span> <\/em><\/strong><strong><em><a href=\"https:\/\/artlawfoundation.com\/fr\/conseil\/\">Conseil de Fondation<\/a><\/em><\/strong> <span class=\"grey\">|<\/span> <strong><em><a href=\"https:\/\/artlawfoundation.com\/fr\/partenariats\/\">Partenariats<\/a><\/em><\/strong><\/h1>\n<div class=\"col-sm-12 bordo\"><\/div>\n            <div class=\"col-sm-3 profileImg text-center-xs\"><img decoding=\"async\" src=\"https:\/\/artlawfoundation.com\/site\/wp-content\/uploads\/2020\/01\/2020_01_24_2013.jpg\"><\/div>\n          \t<div class=\"col-sm-9 profileTxt\">\n            \t<h3><strong>Anne Laure Bandle<\/strong><\/h3>\n                <div class=\"info\">Directrice<\/div>\n                <p>Anne Laure Bandle dirige la Fondation pour le droit de l\u2019art et est avocate aupr\u00e8s de l&rsquo;Etude Borel &amp; Barbey \u00e0 Gen\u00e8ve. Elle conseille des particuliers et entreprises sur tous les aspects li\u00e9s aux \u0153uvres d&rsquo;art, au divertissement, aux droits d&rsquo;auteur, aux contrats, \u00e0 la planification successorale, aux fondations et aux trusts.\u00a0Par ailleurs, Anne Laure est charg\u00e9e de cours en droit de l&rsquo;art, droit du divertissement et propri\u00e9t\u00e9 intellectuelle \u00e0 l&rsquo;Universit\u00e9 de Fribourg, charg\u00e9e de cours en art et philanthropie \u00e0 l&rsquo;Universit\u00e9 de Gen\u00e8ve ainsi que charg\u00e9e de cours invit\u00e9e en droit de l\u2019art et des biens culturels \u00e0 la London School of Economics and Political Science (LSE). Elle est titulaire d\u2019un doctorat en droit de l\u2019Universit\u00e9 de Gen\u00e8ve. Sa th\u00e8se porte sur l&rsquo;attribution et la vente aux ench\u00e8res d&rsquo;\u0153uvres d&rsquo;art et a \u00e9t\u00e9 co-dirig\u00e9e par les Professeurs Marc-Andr\u00e9 Renold, directeur du Centre de droit de l\u2019art \u00e0 Universit\u00e9 de Gen\u00e8ve, et Tatiana Flessas, de la LSE et a \u00e9t\u00e9 publi\u00e9e chez Edward Edgar Publishing.\u2028<\/p>\n                <span class=\"symbol\"><a href=\"https:\/\/www.linkedin.com\/pub\/anne-laure-bandle\/8\/b43\/b1a\/it\" target=\"_blank\">linkedin<\/a><\/span>\n                <span class=\"symbol\"><a href=\"mailto:bandle@artlawfoundation.com\">email<\/a><\/span>\n\t\t\t<\/div>\n<div class=\"col-sm-12 bordo\"><\/div>\n            <div class=\"col-sm-3 profileImg text-center-xs\"><img decoding=\"async\" src=\"https:\/\/artlawfoundation.com\/site\/wp-content\/themes\/FDA-\/imgs\/profile.jpg\"><\/div>\n          \t<div class=\"col-sm-9 profileTxt\">\n            \t<h3><strong>Val\u00e9rie Leuba<\/strong><\/h3>\n                <div class=\"info\">Assistante de direction<\/div>\n                <p>Val\u00e9rie Leuba est en charge du secr\u00e9tariat du Centre universitaire du droit de l\u2019art et de la Fondation pour le droit de l\u2019art depuis ao\u00fbt 2007.\u2028<\/p>\n                <span class=\"symbol\"><a href=\"#\" target=\"_blank\">linkedin<\/a><\/span>\n                <span class=\"symbol\"><a href=\"mailto:leuba@artlawfoundation.com\">email<\/a><\/span>\n\t\t\t<\/div>\n[:]\n","protected":false},"excerpt":{"rendered":"Fondation |\u00a0\u00c9quipe | Conseil de Fondation | Partenariats [:]","protected":false},"author":1,"featured_media":0,"parent":0,"menu_order":39,"comment_status":"closed","ping_status":"closed","template":"template-demo.php","meta":{"_acf_changed":false,"footnotes":""},"class_list":["post-4012","page","type-page","status-publish","hentry"],"acf":[],"_links":{"self":[{"href":"https:\/\/artlawfoundation.com\/fr\/wp-json\/wp\/v2\/pages\/4012","targetHints":{"allow":["GET"]}}],"collection":[{"href":"https:\/\/artlawfoundation.com\/fr\/wp-json\/wp\/v2\/pages"}],"about":[{"href":"https:\/\/artlawfoundation.com\/fr\/wp-json\/wp\/v2\/types\/page"}],"author":[{"embeddable":true,"href":"https:\/\/artlawfoundation.com\/fr\/wp-json\/wp\/v2\/users\/1"}],"replies":[{"embeddable":true,"href":"https:\/\/artlawfoundation.com\/fr\/wp-json\/wp\/v2\/comments?post=4012"}],"version-history":[{"count":1,"href":"https:\/\/artlawfoundation.com\/fr\/wp-json\/wp\/v2\/pages\/4012\/revisions"}],"predecessor-version":[{"id":4245,"href":"https:\/\/artlawfoundation.com\/fr\/wp-json\/wp\/v2\/pages\/4012\/revisions\/4245"}],"wp:attachment":[{"href":"https:\/\/artlawfoundation.com\/fr\/wp-json\/wp\/v2\/media?parent=4012"}],"curies":[{"name":"wp","href":"https:\/\/api.w.org\/{rel}","templated":true}]}}