{"id":4010,"date":"2015-11-13T13:02:42","date_gmt":"2015-11-13T12:02:42","guid":{"rendered":"https:\/\/artlawfoundation.com\/foundation\/"},"modified":"2024-11-11T16:43:26","modified_gmt":"2024-11-11T15:43:26","slug":"fondation","status":"publish","type":"page","link":"https:\/\/artlawfoundation.com\/fr\/fondation\/","title":{"rendered":"Fondation"},"content":{"rendered":"<h1><strong><em>Fondation <span class=\"grey\">|<\/span> <\/em><\/strong><strong><em><a href=\"https:\/\/artlawfoundation.com\/fr\/lequipe\/\">\u00c9quipe<\/a> <span class=\"grey\">|<\/span> <\/em><\/strong><strong><em><a href=\"https:\/\/artlawfoundation.com\/fr\/conseil\/\">Conseil de Fondation<\/a><\/em><\/strong> <span class=\"grey\">|<\/span> <strong><em><a href=\"https:\/\/artlawfoundation.com\/fr\/partenariats\/\">Partenariats<\/a><\/em><\/strong><\/h1>\n<div class=\"col-sm-12 bordo\"><\/div>\n          \t<div class=\"col-sm-12\" style=\"padding-top:20px\">\n\t\t\t\t\n<p><strong>Activit\u00e9s<\/strong><\/p>\n<p>Pr\u00e9sente \u00e0 Gen\u00e8ve depuis 1991, la Fondation pour le droit de l\u2019art (FDA) a pour objectif de promouvoir et de coordonner des travaux et recherches dans le domaine du droit de l\u2019art.<\/p>\n<p>Parmi ces activit\u00e9s, la FDA\u00a0:<\/p>\n<ul>\n<li><strong>organise<\/strong> r\u00e9guli\u00e8rement des conf\u00e9rences et journ\u00e9es d\u2019\u00e9tudes sur des th\u00e9matiques en droit de l\u2019art, en droit des biens culturels et en droit d\u2019auteur.<\/li>\n<li><strong>promeut<\/strong> la formation et les \u00e9changes entre les sp\u00e9cialistes du march\u00e9 de l\u2019art et ses membres. A cet effet, elle propose r\u00e9guli\u00e8rement des \u00e9v\u00e9nements exclusifs membres tels que des visites guid\u00e9es d\u2019expositions, de galeries, d\u2019instituts scientifiques ou d\u2019institutions culturels.<\/li>\n<li><strong>soutient<\/strong> \u00e9galement les activit\u00e9s de recherche et d\u2019enseignement du Centre universitaire du droit de l\u2019art de l\u2019Universit\u00e9 de Gen\u00e8ve avec lequel elle collabore \u00e9troitement pour l\u2019organisation d\u2019\u00e9v\u00e9nements et des projets de recherches.<\/li>\n<\/ul>\n<p><strong>Membres<\/strong><\/p>\n<p>Actuellement, la FDA compte plus de 500 membres actifs et sympathisants, issus aussi bien du milieu juridique que notamment des mus\u00e9es, maisons de ventes, galeries, banques, et des assurances.<\/p>\n<p>Vous trouverez plus d\u2019informations relatives \u00e0 l\u2019adh\u00e9sion sur la page <a href=\"https:\/\/artlawfoundation.com\/site\/membership\/\">Adh\u00e9sion<\/a>.<\/p>\n<p>Pour toute question relative \u00e0 la Fondation ou \u00e0 la qualit\u00e9 de membre de soutien, n\u2019h\u00e9sitez pas \u00e0 <a href=\"https:\/\/artlawfoundation.com\/site\/contact-us\/\">nous contacter<\/a>.<\/p>\n<p><strong>Publications et centre de documentation<\/strong><\/p>\n<p>La FDA partage les nouveaut\u00e9s en droit de l\u2019art par diff\u00e9rents biais\u00a0:<\/p>\n<ul>\n<li><strong><em>Art Law Magazine<\/em><\/strong>: Deux fois par ann\u00e9e, la FDA publie le <em>Art Law Magazine<\/em>, un journal qui r\u00e9cence des nouvelles juridiques et analyses par des experts en mati\u00e8re d\u2019art et de biens culturels. Ces publications sont librement accessibles aux membres sur la page <a href=\"https:\/\/artlawfoundation.com\/site\/magazine\/\">Publications<\/a>.<\/li>\n<li><strong><em>Etudes en droit de l\u2019art<\/em><\/strong>: Pour ces m\u00eames th\u00e9matiques, la Fondation \u00e9dite des livres dans la collection <em>Etudes en droit de l\u2019art<\/em> aupr\u00e8s de la maison d\u2019\u00e9dition Schulthess. La liste compl\u00e8te de ces ouvrages est disponible sur la page <a href=\"https:\/\/artlawfoundation.com\/site\/studies-in-art-law\/\">Publications<\/a> et certains ouvrages sont librement accessibles aux membres.<\/li>\n<li><strong>Centre de documentation<\/strong>: La FDA a \u00e9galement d\u00e9velopp\u00e9 un centre de documentation auquel ses membres ont libre acc\u00e8s. Ce centre fait aussi office de biblioth\u00e8que pour le Centre du droit de l\u2019art, et se situe \u00e0 Uni-Mail, Universit\u00e9 de Gen\u00e8ve.<\/li>\n<\/ul>\n<p><strong>Financement<\/strong><\/p>\n<p>Institution \u00e0 but non lucratif, la FDA est financ\u00e9e par les subsides d\u2019institutions publiques et priv\u00e9es et par les dons de particuliers. Les recettes de la FDA proviennent notamment du soutien g\u00e9n\u00e9reux des membres institutionnels, des cotisations annuelles des membres et des activit\u00e9s r\u00e9alis\u00e9es par la FDA.<\/p>\n\n\t\t\t<\/div>[:]\n","protected":false},"excerpt":{"rendered":"Fondation | \u00c9quipe | Conseil de Fondation | Partenariats [:]","protected":false},"author":1,"featured_media":0,"parent":0,"menu_order":43,"comment_status":"closed","ping_status":"closed","template":"template-demo.php","meta":{"_acf_changed":false,"footnotes":""},"class_list":["post-4010","page","type-page","status-publish","hentry"],"acf":[],"_links":{"self":[{"href":"https:\/\/artlawfoundation.com\/fr\/wp-json\/wp\/v2\/pages\/4010","targetHints":{"allow":["GET"]}}],"collection":[{"href":"https:\/\/artlawfoundation.com\/fr\/wp-json\/wp\/v2\/pages"}],"about":[{"href":"https:\/\/artlawfoundation.com\/fr\/wp-json\/wp\/v2\/types\/page"}],"author":[{"embeddable":true,"href":"https:\/\/artlawfoundation.com\/fr\/wp-json\/wp\/v2\/users\/1"}],"replies":[{"embeddable":true,"href":"https:\/\/artlawfoundation.com\/fr\/wp-json\/wp\/v2\/comments?post=4010"}],"version-history":[{"count":2,"href":"https:\/\/artlawfoundation.com\/fr\/wp-json\/wp\/v2\/pages\/4010\/revisions"}],"predecessor-version":[{"id":4242,"href":"https:\/\/artlawfoundation.com\/fr\/wp-json\/wp\/v2\/pages\/4010\/revisions\/4242"}],"wp:attachment":[{"href":"https:\/\/artlawfoundation.com\/fr\/wp-json\/wp\/v2\/media?parent=4010"}],"curies":[{"name":"wp","href":"https:\/\/api.w.org\/{rel}","templated":true}]}}