{"id":3998,"date":"2015-10-28T17:52:06","date_gmt":"2015-10-28T16:52:06","guid":{"rendered":"https:\/\/artlawfoundation.com\/adhesion\/"},"modified":"2025-11-05T22:39:29","modified_gmt":"2025-11-05T21:39:29","slug":"adhesion","status":"publish","type":"page","link":"https:\/\/artlawfoundation.com\/fr\/adhesion\/","title":{"rendered":"Adh\u00e9sion"},"content":{"rendered":"<div class=\"col-sm-8 box-tit-2 registration-box\">\n        \t\t<div class=\"bordo\"><\/div>\n          \t\t<h1><strong>Adh\u00e9sion en qualit\u00e9 de membre<\/strong><\/h1>\n\t\t\t\t\n<p>Toute personne et institution int\u00e9ress\u00e9e par nos activit\u00e9s peut devenir membre de la Fondation pour le droit de l&rsquo;art. Le statut de membre permet de b\u00e9n\u00e9ficier des avantages suivants:<\/p>\n<ul class=\"type\">\n<li>Un abonnement gratuit au \u00ab\u00a0Art Law Magazine\u00a0\u00bb<\/li>\n<li>Un tarif pr\u00e9f\u00e9rentiel pour la participation aux journ\u00e9es d&rsquo;\u00e9tude et s\u00e9minaires organis\u00e9s par la FDA;<\/li>\n<li>Le libre acc\u00e8s \u00e0 des visites exclusives de galeries, collections d&rsquo;art, institutions et autres soci\u00e9t\u00e9s membres de la FDA;<\/li>\n<li>Le libre acc\u00e8s au centre de documentation.<\/li>\n<\/ul>\n<p>La cotisation annuelle est de <strong>CHF 600.- <\/strong>pour les membres de soutien, <strong>CHF 250.-<\/strong> pour les membres ordinaires et <strong>CHF 70.- <\/strong>pour les membres \u00e9tudiants\/stagiaires.<br \/>\nPour devenir membre de la Fondation, veuillez remplir le formulaire d\u2019inscription.<\/p>\n<p>Une confirmation d&rsquo;inscription ainsi qu&rsquo;un bulletin de versement vous parviendront prochainement.<\/p>\n<div id=\"wpmem_reg\"><a id=\"register\"><\/a><form name=\"form\" method=\"post\" action=\"https:\/\/artlawfoundation.com\/fr\/adhesion\/\" id=\"wpmem_register_form\" class=\"form\"><input type=\"hidden\" id=\"_wpmem_register_nonce\" name=\"_wpmem_register_nonce\" value=\"6a75c15c94\" \/><input type=\"hidden\" name=\"_wp_http_referer\" value=\"\/fr\/wp-json\/wp\/v2\/pages\/3998\" \/><fieldset><legend>Nouvel utilisateur\u00a0?<\/legend><label for=\"username\" class=\"text\">Choisissez un Nom d\u2019utilisateur<span class=\"req\">*<\/span><\/label><div class=\"div_text\"><input name=\"username\" type=\"text\" id=\"username\" value=\"\" class=\"textbox\" required  \/><\/div><label for=\"membership\" class=\"select\">Type of membership:<span class=\"req\">*<\/span><\/label><div class=\"div_select\"><select name=\"membership\" id=\"membership\" class=\"dropdown\" required ><option value=\"Alrady member\">Already a member?<\/option><option value=\"Supporting Member 600\">Supporting Member CHF 600.\u2013<\/option><option value=\"ordinaire 250\">[Regular Member CHF 250.\u2013<\/option><option value=\"\u00e9tudiant\/stagiaire 70\">Student\/Intern Member CHF 70.\u2013<\/option><option value=\"Make a Donation\">Make a Donation<\/option><\/select><\/div><label for=\"first_name\" class=\"text\">Pr\u00e9nom<span class=\"req\">*<\/span><\/label><div class=\"div_text\"><input name=\"first_name\" type=\"text\" id=\"first_name\" value=\"\" class=\"textbox\" required  \/><\/div><label for=\"last_name\" class=\"text\">Nom<span class=\"req\">*<\/span><\/label><div class=\"div_text\"><input name=\"last_name\" type=\"text\" id=\"last_name\" value=\"\" class=\"textbox\" required  \/><\/div><label for=\"profession\" class=\"text\">Profession<\/label><div class=\"div_text\"><input name=\"profession\" type=\"text\" id=\"profession\" value=\"\" class=\"textbox\" \/><\/div><label for=\"company\" class=\"text\">Company<\/label><div class=\"div_text\"><input name=\"company\" type=\"text\" id=\"company\" value=\"\" class=\"textbox\" \/><\/div><label for=\"addr1\" class=\"text\">Adresse 1<span class=\"req\">*<\/span><\/label><div class=\"div_text\"><input name=\"addr1\" type=\"text\" id=\"addr1\" value=\"\" class=\"textbox\" required  \/><\/div><label for=\"zip\" class=\"text\">Code postal<span class=\"req\">*<\/span><\/label><div class=\"div_text\"><input name=\"zip\" type=\"text\" id=\"zip\" value=\"\" class=\"textbox\" required  \/><\/div><label for=\"city\" class=\"text\">Ville<span class=\"req\">*<\/span><\/label><div class=\"div_text\"><input name=\"city\" type=\"text\" id=\"city\" value=\"\" class=\"textbox\" required  \/><\/div><label for=\"country\" class=\"text\">Pays<span class=\"req\">*<\/span><\/label><div class=\"div_text\"><input name=\"country\" type=\"text\" id=\"country\" value=\"\" class=\"textbox\" required  \/><\/div><label for=\"user_email\" class=\"text\">Courriel<span class=\"req\">*<\/span><\/label><div class=\"div_text\"><input name=\"user_email\" type=\"text\" id=\"user_email\" value=\"\" class=\"textbox\" required  \/><\/div><label for=\"phone1\" class=\"text\">T\u00e9l\u00e9phone professionnel<\/label><div class=\"div_text\"><input name=\"phone1\" type=\"text\" id=\"phone1\" value=\"\" class=\"textbox\" \/><\/div><label for=\"fax\" class=\"text\">Fax<\/label><div class=\"div_text\"><input name=\"fax\" type=\"text\" id=\"fax\" value=\"\" class=\"textbox\" \/><\/div><input name=\"a\" type=\"hidden\" value=\"register\" \/><input name=\"wpmem_reg_page\" type=\"hidden\" value=\"https:\/\/artlawfoundation.com\/fr\/adhesion\/\" \/><div class=\"button_div\"><input name=\"submit\" type=\"submit\" value=\"S\u2019inscrire\" class=\"buttons\" \/><\/div><div class=\"req-text\"><span class=\"req\">*<\/span>Champ requis<\/div><\/fieldset><\/form><\/div>Si vous ne recevez pas de confirmation de notre part veuillez nous envoyer un courriel \u00e0: <a href=\"mailto:info@artlawfoundation.com\">info@artlawfoundation.com<\/a><\/p>\n\n\n\t\t\t<\/div>\n<div class=\"col-sm-4  box-hp-2 consiglio\">\n        \t<div class=\"bordo\"><\/div>\n        \t<h2><strong>Log In<\/strong><\/h2>\n\t\t\t<div id=\"wpmem_login\"><a id=\"login\"><\/a><form action=\"https:\/\/artlawfoundation.com\/fr\/adhesion\/\" method=\"POST\" id=\"wpmem_login_form\" class=\"form\"><input type=\"hidden\" id=\"_wpmem_login_nonce\" name=\"_wpmem_login_nonce\" value=\"7a8baec665\" \/><input type=\"hidden\" name=\"_wp_http_referer\" value=\"\/fr\/wp-json\/wp\/v2\/pages\/3998\" \/><fieldset><legend>Connexion pour les utilisateurs enregistr\u00e9s<\/legend><label for=\"log\">Identifiant ou e-mail<\/label><div class=\"div_text\"><input name=\"log\" type=\"text\" id=\"log\" value=\"\" class=\"username\" required  \/><\/div><label for=\"pwd\">Mot de passe<\/label><div class=\"div_text\"><input name=\"pwd\" type=\"password\" id=\"pwd\" class=\"password\" required  \/><\/div><input name=\"a\" type=\"hidden\" value=\"login\" \/><input name=\"redirect_to\" type=\"hidden\" value=\"https:\/\/artlawfoundation.com\/fr\/adhesion\/\" \/><div class=\"button_div\"><input name=\"rememberme\" type=\"checkbox\" id=\"rememberme\" value=\"forever\" \/>&nbsp;<label for=\"rememberme\">Se souvenir de moi<\/label>&nbsp;&nbsp;<input type=\"submit\" name=\"Submit\" value=\"Connexion\" class=\"buttons\" \/><\/div><div class=\"link-text\"><span class=\"link-text-forgot\">Mot de passe oubli\u00e9\u00a0?&nbsp;<a href=\"https:\/\/artlawfoundation.com\/fr\/user-admin\/?a=pwdreset\">Cliquez ici pour r\u00e9initialiser<\/a><\/span><\/div><div class=\"link-text\"><span class=\"link-text-register\">Nouvel utilisateur\u00a0?&nbsp;<a href=\"https:\/\/artlawfoundation.com\/membership\/#wpmem_reg\">Cliquez ici pour vous inscrire<\/a><\/span><\/div><\/fieldset><\/form><\/div>\n        <\/div>\n<p><script>\/\/ <![CDATA[ $(document).ready(function() { $('#wpmem_reg .text').addClass('col-md-4 col-sm-5 no-p-l'); $('#wpmem_reg .select').addClass('col-md-4 col-sm-5 no-p-l'); $('#wpmem_reg .div_text').addClass('col-md-8 col-sm-7 no-p-l'); $('#wpmem_reg .div_select').addClass('col-md-8 col-sm-7 no-p-l'); }); \/\/ ]]><\/script><\/p>\n<div class=\"col-md-12 pa100\"><\/div>\n\t<div class=\"row\">\n\t\t<div class=\"col-sm-12 box-tit\">\n        \t<div class=\"bordo\"><\/div>\n          \t<h2><strong>Membres de soutien<\/strong><\/h2>\n        <\/div>\n\t\t\n<div class=\"col-md-3 col-sm-4 text-center partner\">\n<a href=\"http:\/\/www.christies.com\/\" target=\"_blank\" rel=\"noopener\"><img loading=\"lazy\" decoding=\"async\" width=\"300\" height=\"122\" class=\"alignnone size-full wp-image-107\" src=\"https:\/\/artlawfoundation.com\/site\/wp-content\/uploads\/2015\/10\/Christie-s-logo-black.jpg\" alt=\"Christie-s-logo-black\" srcset=\"https:\/\/artlawfoundation.com\/site\/wp-content\/uploads\/2015\/10\/Christie-s-logo-black.jpg 300w, https:\/\/artlawfoundation.com\/site\/wp-content\/uploads\/2015\/10\/Christie-s-logo-black-250x102.jpg 250w, https:\/\/artlawfoundation.com\/site\/wp-content\/uploads\/2015\/10\/Christie-s-logo-black-120x49.jpg 120w\" sizes=\"auto, (max-width: 300px) 100vw, 300px\" \/><\/a><br \/>\n<\/div>\n<div class=\"col-md-3 col-sm-4 text-center partner\">\n<p><img loading=\"lazy\" decoding=\"async\" width=\"300\" height=\"122\" class=\"alignnone size-full wp-image-687\" src=\"https:\/\/artlawfoundation.com\/site\/wp-content\/uploads\/2015\/10\/Logo-Lalive_ok.jpg\" alt=\"Logo-Lalive_ok\" srcset=\"https:\/\/artlawfoundation.com\/site\/wp-content\/uploads\/2015\/10\/Logo-Lalive_ok.jpg 300w, https:\/\/artlawfoundation.com\/site\/wp-content\/uploads\/2015\/10\/Logo-Lalive_ok-250x102.jpg 250w, https:\/\/artlawfoundation.com\/site\/wp-content\/uploads\/2015\/10\/Logo-Lalive_ok-120x49.jpg 120w\" sizes=\"auto, (max-width: 300px) 100vw, 300px\" \/><br \/>\n<\/div>\n<div class=\"col-md-3 col-sm-4 text-center partner\">\n<a href=\"http:\/\/www.nlc.ch\/\" target=\"_blank\" rel=\"noopener\"><img decoding=\"async\" class=\"alignnone size-full wp-image-43\" src=\"https:\/\/artlawfoundation.com\/site\/wp-content\/uploads\/2015\/10\/Logo-NLC.jpg\" alt=\"Logo-NLC\" \/><\/a><br \/>\n<\/div>\n<div class=\"col-md-3 col-sm-4 text-center partner\">\n<a href=\"http:\/\/www.seydouxfa.com\/\" target=\"_blank\" rel=\"noopener\"><img decoding=\"async\" class=\"alignnone size-full wp-image-44\" src=\"https:\/\/artlawfoundation.com\/site\/wp-content\/uploads\/2015\/10\/Logo-Seydoux-Associes.jpg\" alt=\"Logo-Seydoux-&amp;-Associes\" \/><\/a><br \/>\n<\/div>\n<div class=\"col-md-3 col-sm-4 text-center partner\">\n<a href=\"http:\/\/www.emams.uzh.ch\/index.html\"><img loading=\"lazy\" decoding=\"async\" width=\"300\" height=\"122\" class=\"alignnone size-full wp-image-454\" src=\"https:\/\/artlawfoundation.com\/site\/wp-content\/uploads\/2015\/10\/Logo-EMAMS.jpg\" alt=\"Logo-EMAMS\" srcset=\"https:\/\/artlawfoundation.com\/site\/wp-content\/uploads\/2015\/10\/Logo-EMAMS.jpg 300w, https:\/\/artlawfoundation.com\/site\/wp-content\/uploads\/2015\/10\/Logo-EMAMS-250x102.jpg 250w, https:\/\/artlawfoundation.com\/site\/wp-content\/uploads\/2015\/10\/Logo-EMAMS-120x49.jpg 120w\" sizes=\"auto, (max-width: 300px) 100vw, 300px\" \/><\/a><br \/>\n<\/div>\n<div class=\"col-md-3 col-sm-4 text-center partner\">\n<a href=\"http:\/\/www.lenzstaehelin.com\/welcome\/\" target=\"_blank\" rel=\"noopener\"><img decoding=\"async\" class=\"alignnone size-full wp-image-620\" src=\"https:\/\/artlawfoundation.com\/site\/wp-content\/uploads\/2015\/10\/Lenz-and-Staehelin-logo.jpg\" alt=\"logo_SGS\" \/><\/a><br \/>\n<\/div>\n<div class=\"col-md-3 col-sm-4 text-center partner\">\n<p><a href=\"https:\/\/www.axa-art.com\/ch\/\" rel=\"attachment wp-att-914\"><img loading=\"lazy\" decoding=\"async\" width=\"482\" height=\"192\" class=\"alignnone size-full wp-image-934\" src=\"https:\/\/artlawfoundation.com\/site\/wp-content\/uploads\/2015\/10\/axa-art.jpg\" alt=\"axa-art\" srcset=\"https:\/\/artlawfoundation.com\/site\/wp-content\/uploads\/2015\/10\/axa-art.jpg 482w, https:\/\/artlawfoundation.com\/site\/wp-content\/uploads\/2015\/10\/axa-art-250x100.jpg 250w, https:\/\/artlawfoundation.com\/site\/wp-content\/uploads\/2015\/10\/axa-art-120x48.jpg 120w\" sizes=\"auto, (max-width: 482px) 100vw, 482px\" \/><\/a><\/p>\n<\/div>\n<div class=\"col-md-3 col-sm-4 text-center partner\">\n<p><a href=\"http:\/\/www.borel-barbey.ch\"><img loading=\"lazy\" decoding=\"async\" width=\"300\" height=\"112\" class=\"alignnone size-full wp-image-3092\" src=\"https:\/\/artlawfoundation.com\/site\/wp-content\/uploads\/2024\/01\/Logo-Borel-Barbey.png\" alt=\"\" srcset=\"https:\/\/artlawfoundation.com\/site\/wp-content\/uploads\/2024\/01\/Logo-Borel-Barbey.png 300w, https:\/\/artlawfoundation.com\/site\/wp-content\/uploads\/2024\/01\/Logo-Borel-Barbey-250x93.png 250w, https:\/\/artlawfoundation.com\/site\/wp-content\/uploads\/2024\/01\/Logo-Borel-Barbey-120x45.png 120w\" sizes=\"auto, (max-width: 300px) 100vw, 300px\" \/><\/a><\/p>\n<\/div>\n<div class=\"col-md-3 col-sm-4 text-center partner\">\n<p><a href=\"https:\/\/www.skandamis.com\/\" target=\"_blank\" rel=\"noopener\"><img loading=\"lazy\" decoding=\"async\" width=\"300\" height=\"120\" class=\"alignnone size-full wp-image-1528\" src=\"https:\/\/artlawfoundation.com\/site\/wp-content\/uploads\/2019\/02\/skandamis-logo-en-horizontal-colour.png\" alt=\"\" srcset=\"https:\/\/artlawfoundation.com\/site\/wp-content\/uploads\/2019\/02\/skandamis-logo-en-horizontal-colour.png 300w, https:\/\/artlawfoundation.com\/site\/wp-content\/uploads\/2019\/02\/skandamis-logo-en-horizontal-colour-250x100.png 250w, https:\/\/artlawfoundation.com\/site\/wp-content\/uploads\/2019\/02\/skandamis-logo-en-horizontal-colour-120x48.png 120w\" sizes=\"auto, (max-width: 300px) 100vw, 300px\" \/><\/a><\/p>\n<\/div>\n<div class=\"col-md-3 col-sm-4 text-center partner\">\n<p><a href=\"https:\/\/soter-capital.com\/\" target=\"_blank\" rel=\"noopener\"><img loading=\"lazy\" decoding=\"async\" width=\"300\" height=\"122\" class=\"alignnone size-full wp-image-1627\" src=\"https:\/\/artlawfoundation.com\/site\/wp-content\/uploads\/2019\/09\/SOTER_Logo_.jpg\" alt=\"\" srcset=\"https:\/\/artlawfoundation.com\/site\/wp-content\/uploads\/2019\/09\/SOTER_Logo_.jpg 300w, https:\/\/artlawfoundation.com\/site\/wp-content\/uploads\/2019\/09\/SOTER_Logo_-250x102.jpg 250w, https:\/\/artlawfoundation.com\/site\/wp-content\/uploads\/2019\/09\/SOTER_Logo_-120x49.jpg 120w\" sizes=\"auto, (max-width: 300px) 100vw, 300px\" \/><\/a><\/p>\n<\/div>\n<div class=\"col-md-3 col-sm-4 text-center partner\">\n<p><a href=\"https:\/\/www.walderwyss.com\/\" target=\"_blank\" rel=\"noopener\"><img loading=\"lazy\" decoding=\"async\" width=\"300\" height=\"122\" class=\"alignnone size-full wp-image-1226\" src=\"https:\/\/artlawfoundation.com\/site\/wp-content\/uploads\/2015\/10\/walderwyss_blu.png\" alt=\"\" srcset=\"https:\/\/artlawfoundation.com\/site\/wp-content\/uploads\/2015\/10\/walderwyss_blu.png 300w, https:\/\/artlawfoundation.com\/site\/wp-content\/uploads\/2015\/10\/walderwyss_blu-250x102.png 250w, https:\/\/artlawfoundation.com\/site\/wp-content\/uploads\/2015\/10\/walderwyss_blu-120x49.png 120w\" sizes=\"auto, (max-width: 300px) 100vw, 300px\" \/><\/a><\/p>\n<\/div>\n<div class=\"col-md-3 col-sm-4 text-center partner\">\n<a href=\"http:\/\/www.sodi.ch\/ste\/Ness.html\" target=\"_blank\" rel=\"noopener\"><img loading=\"lazy\" decoding=\"async\" width=\"300\" height=\"122\" class=\"alignnone size-full wp-image-1668\" src=\"https:\/\/artlawfoundation.com\/site\/wp-content\/uploads\/2019\/11\/NESS-logo-BD-.jpg\" alt=\"\" srcset=\"https:\/\/artlawfoundation.com\/site\/wp-content\/uploads\/2019\/11\/NESS-logo-BD-.jpg 300w, https:\/\/artlawfoundation.com\/site\/wp-content\/uploads\/2019\/11\/NESS-logo-BD--250x102.jpg 250w, https:\/\/artlawfoundation.com\/site\/wp-content\/uploads\/2019\/11\/NESS-logo-BD--120x49.jpg 120w\" sizes=\"auto, (max-width: 300px) 100vw, 300px\" \/><\/a><br \/>\n<\/div>\n<div class=\"col-md-3 col-sm-4 text-center partner\">\n<p><a href=\"https:\/\/chu-teh-chun.org\" target=\"_blank\" rel=\"noopener\"><img decoding=\"async\" class=\"alignnone size-full wp-image-2026\" src=\"https:\/\/artlawfoundation.com\/site\/wp-content\/uploads\/2022\/02\/Logo-Fondation-Chu-Teh-Chun-.jpg\" alt=\"\" \/><\/a><\/p>\n<\/div>\n<div class=\"col-md-3 col-sm-4 text-center partner\">\n<a href=\"https:\/\/obersonabels.com\/\" target=\"_blank\" rel=\"noopener\"><img decoding=\"async\" class=\"alignnone size-full wp-image-1985\" src=\"https:\/\/artlawfoundation.com\/site\/wp-content\/uploads\/2023\/06\/Oberson_Abels_Logo_.jpg\" alt=\"\" \/><\/a><br \/>\n<\/div>\n<div class=\"col-md-3 col-sm-4 text-center partner\">\n<p><a href=\"https:\/\/gvart.ch\/\"><img loading=\"lazy\" decoding=\"async\" width=\"412\" height=\"120\" class=\"alignnone size-full wp-image-3097\" src=\"https:\/\/artlawfoundation.com\/site\/wp-content\/uploads\/2024\/01\/Logo_GVArt.png\" alt=\"\" srcset=\"https:\/\/artlawfoundation.com\/site\/wp-content\/uploads\/2024\/01\/Logo_GVArt.png 412w, https:\/\/artlawfoundation.com\/site\/wp-content\/uploads\/2024\/01\/Logo_GVArt-250x73.png 250w, https:\/\/artlawfoundation.com\/site\/wp-content\/uploads\/2024\/01\/Logo_GVArt-120x35.png 120w\" sizes=\"auto, (max-width: 412px) 100vw, 412px\" \/><\/a><\/p>\n<\/div>\n<div class=\"col-md-3 col-sm-4 text-center partner\">\n<p><a href=\"https:\/\/waldengrene.law\" target=\"_blank\" rel=\"noopener\"><img loading=\"lazy\" decoding=\"async\" class=\"alignnone wp-image-4305 size-medium\" src=\"https:\/\/artlawfoundation.com\/site\/wp-content\/uploads\/2024\/12\/waldengrene_logotype_2021-1-250x100.png\" alt=\"\" width=\"250\" height=\"100\" srcset=\"https:\/\/artlawfoundation.com\/site\/wp-content\/uploads\/2024\/12\/waldengrene_logotype_2021-1-250x100.png 250w, https:\/\/artlawfoundation.com\/site\/wp-content\/uploads\/2024\/12\/waldengrene_logotype_2021-1-120x48.png 120w, https:\/\/artlawfoundation.com\/site\/wp-content\/uploads\/2024\/12\/waldengrene_logotype_2021-1.png 500w\" sizes=\"auto, (max-width: 250px) 100vw, 250px\" \/><\/a><\/p>\n<\/div>\n<div class=\"col-md-3 col-sm-4 text-center partner\">\n<p><a href=\"https:\/\/www.eunomart.com\/\" target=\"_blank\" rel=\"noopener\"><img loading=\"lazy\" decoding=\"async\" class=\"alignnone wp-image-4329 size-medium\" src=\"https:\/\/artlawfoundation.com\/site\/wp-content\/uploads\/2025\/01\/eunomart-logo-250x83.png\" alt=\"\" width=\"250\" height=\"83\" srcset=\"https:\/\/artlawfoundation.com\/site\/wp-content\/uploads\/2025\/01\/eunomart-logo-250x83.png 250w, https:\/\/artlawfoundation.com\/site\/wp-content\/uploads\/2025\/01\/eunomart-logo-120x40.png 120w, https:\/\/artlawfoundation.com\/site\/wp-content\/uploads\/2025\/01\/eunomart-logo.png 369w\" sizes=\"auto, (max-width: 250px) 100vw, 250px\" \/><\/a><\/p>\n<\/div>\n<div class=\"col-md-3 col-sm-4 text-center partner\">\n<p><a href=\"https:\/\/columbusprivate.ch\/\"><img loading=\"lazy\" decoding=\"async\" class=\"alignnone wp-image-4380\" src=\"https:\/\/artlawfoundation.com\/site\/wp-content\/uploads\/2025\/04\/columbus-private-250x102.png\" alt=\"Columbus Private, est. 2019 - Geneva\" width=\"300\" height=\"122\" srcset=\"https:\/\/artlawfoundation.com\/site\/wp-content\/uploads\/2025\/04\/columbus-private-250x102.png 250w, https:\/\/artlawfoundation.com\/site\/wp-content\/uploads\/2025\/04\/columbus-private-120x49.png 120w, https:\/\/artlawfoundation.com\/site\/wp-content\/uploads\/2025\/04\/columbus-private.png 600w\" sizes=\"auto, (max-width: 300px) 100vw, 300px\" \/><\/a><\/p>\n<\/div>\n<div class=\"col-md-3 col-sm-4 text-center partner\">\n<p><a href=\"https:\/\/lange-schmutz.com\/\" target=\"_blank\" rel=\"noopener\"><img loading=\"lazy\" decoding=\"async\" width=\"250\" height=\"53\" class=\"alignnone size-medium wp-image-4480\" src=\"https:\/\/artlawfoundation.com\/site\/wp-content\/uploads\/2025\/08\/lange_schmutz-250x53.png\" alt=\"Logo Lange &amp; Schmutz\" srcset=\"https:\/\/artlawfoundation.com\/site\/wp-content\/uploads\/2025\/08\/lange_schmutz-250x53.png 250w, https:\/\/artlawfoundation.com\/site\/wp-content\/uploads\/2025\/08\/lange_schmutz-700x149.png 700w, https:\/\/artlawfoundation.com\/site\/wp-content\/uploads\/2025\/08\/lange_schmutz-768x163.png 768w, https:\/\/artlawfoundation.com\/site\/wp-content\/uploads\/2025\/08\/lange_schmutz-120x26.png 120w, https:\/\/artlawfoundation.com\/site\/wp-content\/uploads\/2025\/08\/lange_schmutz-600x128.png 600w, https:\/\/artlawfoundation.com\/site\/wp-content\/uploads\/2025\/08\/lange_schmutz.png 1200w\" sizes=\"auto, (max-width: 250px) 100vw, 250px\" \/><\/a><\/p>\n<\/div>\n\n\t<\/div>\n","protected":false},"excerpt":{"rendered":"","protected":false},"author":1,"featured_media":0,"parent":0,"menu_order":61,"comment_status":"closed","ping_status":"closed","template":"","meta":{"_acf_changed":false,"footnotes":""},"class_list":["post-3998","page","type-page","status-publish","hentry"],"acf":[],"_links":{"self":[{"href":"https:\/\/artlawfoundation.com\/fr\/wp-json\/wp\/v2\/pages\/3998","targetHints":{"allow":["GET"]}}],"collection":[{"href":"https:\/\/artlawfoundation.com\/fr\/wp-json\/wp\/v2\/pages"}],"about":[{"href":"https:\/\/artlawfoundation.com\/fr\/wp-json\/wp\/v2\/types\/page"}],"author":[{"embeddable":true,"href":"https:\/\/artlawfoundation.com\/fr\/wp-json\/wp\/v2\/users\/1"}],"replies":[{"embeddable":true,"href":"https:\/\/artlawfoundation.com\/fr\/wp-json\/wp\/v2\/comments?post=3998"}],"version-history":[{"count":8,"href":"https:\/\/artlawfoundation.com\/fr\/wp-json\/wp\/v2\/pages\/3998\/revisions"}],"predecessor-version":[{"id":4607,"href":"https:\/\/artlawfoundation.com\/fr\/wp-json\/wp\/v2\/pages\/3998\/revisions\/4607"}],"wp:attachment":[{"href":"https:\/\/artlawfoundation.com\/fr\/wp-json\/wp\/v2\/media?parent=3998"}],"curies":[{"name":"wp","href":"https:\/\/api.w.org\/{rel}","templated":true}]}}