{"id":3992,"date":"2015-10-26T17:25:06","date_gmt":"2015-10-26T16:25:06","guid":{"rendered":"https:\/\/artlawfoundation.com\/accueil\/"},"modified":"2024-11-29T21:55:51","modified_gmt":"2024-11-29T20:55:51","slug":"accueil","status":"publish","type":"page","link":"https:\/\/artlawfoundation.com\/fr\/","title":{"rendered":"Accueil"},"content":{"rendered":"<div class=\"col-md-12 pa100\">\n<h1>La Fondation pour le droit de l&rsquo;art a pour but, sur les plans suisse et international,<br \/>\nde promouvoir et de coordonner des recherches et travaux sur les questions les plus actuelles en droit de l&rsquo;art et des biens culturels. La Fondation soutient \u00e9galement le Centre universitaire du droit de l&rsquo;art.<\/h1>\n<\/div>\n<div class=\"col-sm-6  box-hp\"><div class=\"bordo\"><\/div><h2><strong><a href=\"https:\/\/artlawfoundation.com\/fr\/category\/news-fr\/\">Nouvelles de la Fondation<\/a><\/strong><\/h2><div class=\"row ciao\">\n    \t\t<div class=\"item\">\n    \t\t  <div class=\"well\">\n    \t\t\t<h3><a href=\"https:\/\/artlawfoundation.com\/fr\/?post_type=post&p=4212\">Art dans l&rsquo;espace public &#8211; Un guide des bonnes pratiques<\/a><\/h3>\n    \t\t\t<div class=\"info\">14 mai 2024<\/div>\n    \t\t\t<div class=\"preview\">\n    \t\t\t\t<p style=\"text-align:center; padding:15px 0px;\"><a href=\"https:\/\/artlawfoundation.com\/fr\/?post_type=post&p=4212\"><img decoding=\"async\" src=\"https:\/\/artlawfoundation.com\/site\/wp-content\/uploads\/2024\/05\/FCAC-FDA-guide-200x200.jpg\" class=\"attachment-custom-size size-custom-size wp-post-image\" alt=\"\" srcset=\"https:\/\/artlawfoundation.com\/site\/wp-content\/uploads\/2024\/05\/FCAC-FDA-guide-200x200.jpg 200w, https:\/\/artlawfoundation.com\/site\/wp-content\/uploads\/2024\/05\/FCAC-FDA-guide-150x150.jpg 150w, https:\/\/artlawfoundation.com\/site\/wp-content\/uploads\/2024\/05\/FCAC-FDA-guide-300x300.jpg 300w, https:\/\/artlawfoundation.com\/site\/wp-content\/uploads\/2024\/05\/FCAC-FDA-guide-100x100.jpg 100w\" sizes=\"(max-width: 200px) 100vw, 200px\" \/><\/a><\/p><p>Nous avons l&rsquo;immense plaisir de vous annoncer la publication du guide pratique Art dans l&rsquo;espace public &#8211; Un guide des bonnes pratiques\u00a0 Expertise professionnelle et recommandations juridiques cor\u00e9alis\u00e9 par la FDA et le Fonds cantonal d&rsquo;art contemporain de Gen\u00e8ve (FCAC). Sculptures, installations, interventions murales, \u0153uvres sonores\u2026 L\u2019art dans l\u2019espace public se pratique partout en Suisse,... <a class=\"view-article\" href=\"https:\/\/artlawfoundation.com\/fr\/art-dans-lespace-public-un-guide-des-bonnes-pratiques\/\">Voir l'article<\/a><\/p>\n    \t\t\t  <\/div>\n    \t\t  <\/div>\n    \t\t<\/div>\n    \t\t<div class=\"item\">\n    \t\t  <div class=\"well\">\n    \t\t\t<h3><a href=\"https:\/\/artlawfoundation.com\/fr\/?post_type=post&p=4210\">RAM Antiquities Transaction Due Diligence Toolkit<\/a><\/h3>\n    \t\t\t<div class=\"info\">24 avril 2024<\/div>\n    \t\t\t<div class=\"preview\">\n    \t\t\t\t<p style=\"text-align:center; padding:15px 0px;\"><a href=\"https:\/\/artlawfoundation.com\/fr\/?post_type=post&p=4210\"><img decoding=\"async\" src=\"https:\/\/artlawfoundation.com\/site\/wp-content\/uploads\/2024\/03\/008A8777-200x200.jpg\" class=\"attachment-custom-size size-custom-size wp-post-image\" alt=\"\" srcset=\"https:\/\/artlawfoundation.com\/site\/wp-content\/uploads\/2024\/03\/008A8777-200x200.jpg 200w, https:\/\/artlawfoundation.com\/site\/wp-content\/uploads\/2024\/03\/008A8777-150x150.jpg 150w, https:\/\/artlawfoundation.com\/site\/wp-content\/uploads\/2024\/03\/008A8777-300x300.jpg 300w, https:\/\/artlawfoundation.com\/site\/wp-content\/uploads\/2024\/03\/008A8777-100x100.jpg 100w\" sizes=\"(max-width: 200px) 100vw, 200px\" \/><\/a><\/p><p>&nbsp; RAM lance le Antiquities Transaction Due Diligence Toolkit! Si le march\u00e9 des antiquit\u00e9s pr\u00e9sente de nombreuses similitudes avec le march\u00e9 de l&rsquo;art en g\u00e9n\u00e9ral, il pr\u00e9sente \u00e9galement des d\u00e9fis uniques. Pour cette raison, RAM a d\u00e9velopp\u00e9 une annexe d\u00e9di\u00e9e \u00e0 son Art Transaction Due Diligence Toolkit. Vous pouvez acc\u00e9der \u00e0 cette annexe \u00e0 l&rsquo;adresse... <a class=\"view-article\" href=\"https:\/\/artlawfoundation.com\/fr\/ram-antiquities-transaction-due-diligence-toolkit\/\">Voir l'article<\/a><\/p>\n    \t\t\t  <\/div>\n    \t\t  <\/div>\n    \t\t<\/div>\n    \t\t<div class=\"clearfix\"><\/div>\n    \t<\/div>\n    <\/div>\n<div class=\"col-sm-6  box-hp-2\"><div class=\"bordo\"><\/div><h2><strong><a href=\"https:\/\/artlawfoundation.com\/fr\/category\/evenements\/evements-a-venir\/\">\u00c9v\u00e9nements<\/a><\/strong><\/h2><div class=\"row ciao\">\n\t\t\t<div class=\"item\">\n\t\t\t  <div class=\"well\">\n\t\t\t\t<div class=\"info\">\n\t\t\t\t\t<div class=\"mese-anno\">18 Juin 2026<\/div>\n\t\t\t\t\t<div class=\"ora\">10h15 \u2013 15h <\/div>\n\t\t\t\t<\/div>\n\t\t\t\t<div class=\"preview\">\n\t\t\t\t\t<p style=\"text-align:center; padding:15px 0px;\"><a href=\"https:\/\/artlawfoundation.com\/fr\/fda-events\/art-law-2026\/\"><img decoding=\"async\" src=\"https:\/\/artlawfoundation.com\/site\/wp-content\/uploads\/2026\/04\/Capture-decran-2026-04-16-a-15.23.43-200x200.png\" class=\"attachment-custom-size size-custom-size wp-post-image\" alt=\"\" srcset=\"https:\/\/artlawfoundation.com\/site\/wp-content\/uploads\/2026\/04\/Capture-decran-2026-04-16-a-15.23.43-200x200.png 200w, https:\/\/artlawfoundation.com\/site\/wp-content\/uploads\/2026\/04\/Capture-decran-2026-04-16-a-15.23.43-150x150.png 150w, https:\/\/artlawfoundation.com\/site\/wp-content\/uploads\/2026\/04\/Capture-decran-2026-04-16-a-15.23.43-300x300.png 300w, https:\/\/artlawfoundation.com\/site\/wp-content\/uploads\/2026\/04\/Capture-decran-2026-04-16-a-15.23.43-100x100.png 100w\" sizes=\"(max-width: 200px) 100vw, 200px\" \/><\/a><\/p>\n\t\t\t\t\t<h3><a href=\"https:\/\/artlawfoundation.com\/fr\/fda-events\/art-law-2026\/\">Art &#038; Law 2026<\/a><\/h3>\n\t\t\t\t\t<p>Nous avons le plaisir de vous adresser ci-joint le programme de la conf\u00e9rence\u00a0Art &amp; Law 2026\u00a0organis\u00e9e par la\u00a0Facult\u00e9 de droit de l\u2019Universit\u00e9 de B\u00e2le, qui aura lieu\u00a0le jeudi 18 juin 2026, au Congress Center Basel, de 10h15 \u00e0 15h00. La Fondation pour le droit de l\u2019art (ALF) est heureuse d\u2019\u00eatre partenaire de cet \u00e9v\u00e9nement. &nbsp;... <a class=\"view-article\" href=\"https:\/\/artlawfoundation.com\/fr\/fda-events\/art-law-2026\/\">Voir l'article<\/a><\/p>\n\t\t\t\t<\/div>\n\t\t\t  <\/div>\n\t\t\t<\/div>\n\t\t\t<div class=\"item\">\n\t\t\t  <div class=\"well\">\n\t\t\t\t<div class=\"info\">\n\t\t\t\t\t<div class=\"mese-anno\">20 May 2026<\/div>\n\t\t\t\t\t<div class=\"ora\">2-6pm<\/div>\n\t\t\t\t<\/div>\n\t\t\t\t<div class=\"preview\">\n\t\t\t\t\t<p style=\"text-align:center; padding:15px 0px;\"><a href=\"https:\/\/artlawfoundation.com\/fr\/fda-events\/the-artists-name-identity-authorship-and-legal-protection\/\"><img decoding=\"async\" src=\"https:\/\/artlawfoundation.com\/site\/wp-content\/uploads\/2026\/03\/Capture-decran-2026-03-26-a-09.57.19-200x200.png\" class=\"attachment-custom-size size-custom-size wp-post-image\" alt=\"\" srcset=\"https:\/\/artlawfoundation.com\/site\/wp-content\/uploads\/2026\/03\/Capture-decran-2026-03-26-a-09.57.19-200x200.png 200w, https:\/\/artlawfoundation.com\/site\/wp-content\/uploads\/2026\/03\/Capture-decran-2026-03-26-a-09.57.19-250x249.png 250w, https:\/\/artlawfoundation.com\/site\/wp-content\/uploads\/2026\/03\/Capture-decran-2026-03-26-a-09.57.19-700x698.png 700w, https:\/\/artlawfoundation.com\/site\/wp-content\/uploads\/2026\/03\/Capture-decran-2026-03-26-a-09.57.19-150x150.png 150w, https:\/\/artlawfoundation.com\/site\/wp-content\/uploads\/2026\/03\/Capture-decran-2026-03-26-a-09.57.19-768x765.png 768w, https:\/\/artlawfoundation.com\/site\/wp-content\/uploads\/2026\/03\/Capture-decran-2026-03-26-a-09.57.19-120x120.png 120w, https:\/\/artlawfoundation.com\/site\/wp-content\/uploads\/2026\/03\/Capture-decran-2026-03-26-a-09.57.19-300x300.png 300w, https:\/\/artlawfoundation.com\/site\/wp-content\/uploads\/2026\/03\/Capture-decran-2026-03-26-a-09.57.19-600x598.png 600w, https:\/\/artlawfoundation.com\/site\/wp-content\/uploads\/2026\/03\/Capture-decran-2026-03-26-a-09.57.19-100x100.png 100w, https:\/\/artlawfoundation.com\/site\/wp-content\/uploads\/2026\/03\/Capture-decran-2026-03-26-a-09.57.19.png 1140w\" sizes=\"(max-width: 200px) 100vw, 200px\" \/><\/a><\/p>\n\t\t\t\t\t<h3><a href=\"https:\/\/artlawfoundation.com\/fr\/fda-events\/the-artists-name-identity-authorship-and-legal-protection\/\">The Artist\u2019s Name: Identity, Authorship and Legal Protection<\/a><\/h3>\n\t\t\t\t\t<p>This conference explores the many dimensions of the artist\u2019s name \u2013 its historical emergence, conceptual significance, and legal protection in today\u2019s art world. Bringing together perspectives from art history, philosophy, and law, the programme examines how artistic identity is constructed, expressed, and safeguarded across time and disciplines.<\/p>\n\t\t\t\t<\/div>\n\t\t\t  <\/div>\n\t\t\t<\/div><\/div><\/div>\n<div class=\"col-md-12 pa100\"><\/div>\n\t<div class=\"row\">\n\t\t<div class=\"col-sm-12 box-tit\">\n        \t<div class=\"bordo\"><\/div>\n          \t<h2><strong>Partenaire fondateur<\/strong><\/h2>\n        <\/div>\n\t\t\n<div class=\"col-md-3 col-sm-4 text-center partner\">\n<a href=\"https:\/\/geneva-freeports.ch\/\" target=\"_blank\" rel=\"noopener\"><img loading=\"lazy\" decoding=\"async\" width=\"300\" height=\"122\" class=\"alignnone size-full wp-image-1985\" src=\"https:\/\/artlawfoundation.com\/site\/wp-content\/uploads\/2021\/07\/port_francs_fda.jpg\" alt=\"\" srcset=\"https:\/\/artlawfoundation.com\/site\/wp-content\/uploads\/2021\/07\/port_francs_fda.jpg 300w, https:\/\/artlawfoundation.com\/site\/wp-content\/uploads\/2021\/07\/port_francs_fda-250x102.jpg 250w, https:\/\/artlawfoundation.com\/site\/wp-content\/uploads\/2021\/07\/port_francs_fda-120x49.jpg 120w\" sizes=\"auto, (max-width: 300px) 100vw, 300px\" \/><\/a><br \/>\n<\/div>\n\n\t<\/div>\n<div class=\"col-md-12 pa100\"><\/div>\n\t<div class=\"row\">\n\t\t<div class=\"col-sm-12 box-tit\">\n        \t<div class=\"bordo\"><\/div>\n          \t<h2><strong>Partenaires<\/strong><\/h2>\n        <\/div>\n\t\t\n<div class=\"col-md-3 col-sm-4 text-center partner\">\n<img loading=\"lazy\" decoding=\"async\" class=\"wp-image-1369\" src=\"https:\/\/www.responsibleartmarket.org\/wp-content\/uploads\/2024\/01\/mirabaud2024.png\" alt=\"\" width=\"256\" height=\"123\" \/><br \/>\n<\/div>\n<div class=\"col-md-3 col-sm-4 text-center partner\">\n<a href=\"https:\/\/www.bcdt.ch\/\" target=\"_blank\" rel=\"noopener\"><img decoding=\"async\" class=\"alignnone size-full wp-image-1985\" src=\"https:\/\/artlawfoundation.com\/site\/wp-content\/uploads\/2022\/06\/bcdt.jpg\" alt=\"\" \/><\/a><br \/>\n<\/div>\n\n\t<\/div>\n","protected":false},"excerpt":{"rendered":"","protected":false},"author":1,"featured_media":0,"parent":0,"menu_order":57,"comment_status":"closed","ping_status":"closed","template":"","meta":{"_acf_changed":false,"footnotes":""},"class_list":["post-3992","page","type-page","status-publish","hentry"],"acf":[],"_links":{"self":[{"href":"https:\/\/artlawfoundation.com\/fr\/wp-json\/wp\/v2\/pages\/3992","targetHints":{"allow":["GET"]}}],"collection":[{"href":"https:\/\/artlawfoundation.com\/fr\/wp-json\/wp\/v2\/pages"}],"about":[{"href":"https:\/\/artlawfoundation.com\/fr\/wp-json\/wp\/v2\/types\/page"}],"author":[{"embeddable":true,"href":"https:\/\/artlawfoundation.com\/fr\/wp-json\/wp\/v2\/users\/1"}],"replies":[{"embeddable":true,"href":"https:\/\/artlawfoundation.com\/fr\/wp-json\/wp\/v2\/comments?post=3992"}],"version-history":[{"count":2,"href":"https:\/\/artlawfoundation.com\/fr\/wp-json\/wp\/v2\/pages\/3992\/revisions"}],"predecessor-version":[{"id":4273,"href":"https:\/\/artlawfoundation.com\/fr\/wp-json\/wp\/v2\/pages\/3992\/revisions\/4273"}],"wp:attachment":[{"href":"https:\/\/artlawfoundation.com\/fr\/wp-json\/wp\/v2\/media?parent=3992"}],"curies":[{"name":"wp","href":"https:\/\/api.w.org\/{rel}","templated":true}]}}